{"id":772,"date":"2020-10-23T12:21:32","date_gmt":"2020-10-23T10:21:32","guid":{"rendered":"https:\/\/lateteronde.com\/?post_type=product&#038;p=772"},"modified":"2020-11-09T18:00:58","modified_gmt":"2020-11-09T17:00:58","slug":"boule-petanque","status":"publish","type":"product","link":"https:\/\/lateteronde.com\/index.php\/produit\/boule-petanque\/","title":{"rendered":"Boule P\u00e9tanque"},"content":{"rendered":"","protected":false},"excerpt":{"rendered":"<p>La nouvelle s\u00e9rie de boules P\u00e9tanque est en cours d&rsquo;homologation.<\/p>\n<p><strong>Elles arrivent tr\u00e8s bient\u00f4t dans notre boutique<\/strong><\/p>\n","protected":false},"featured_media":554,"comment_status":"open","ping_status":"closed","template":"","meta":[],"product_brand":[],"product_cat":[99],"product_tag":[],"class_list":{"0":"post-772","1":"product","2":"type-product","3":"status-publish","4":"has-post-thumbnail","6":"product_cat-boules-petanque","8":"first","9":"instock","10":"taxable","11":"shipping-taxable","12":"product-type-simple"},"yoast_head":"<!-- This site is optimized with the Yoast SEO plugin v27.4 - https:\/\/yoast.com\/product\/yoast-seo-wordpress\/ -->\n<title>Boule P\u00e9tanque -<\/title>\n<meta name=\"robots\" content=\"index, follow, max-snippet:-1, max-image-preview:large, max-video-preview:-1\" \/>\n<link rel=\"canonical\" href=\"https:\/\/lateteronde.com\/index.php\/produit\/boule-petanque\/\" \/>\n<meta property=\"og:locale\" content=\"fr_FR\" \/>\n<meta property=\"og:type\" content=\"article\" \/>\n<meta property=\"og:title\" content=\"Boule P\u00e9tanque -\" \/>\n<meta property=\"og:description\" content=\"La nouvelle s\u00e9rie de boules P\u00e9tanque est en cours d&#039;homologation.  Elles arrivent tr\u00e8s bient\u00f4t dans notre boutique\" \/>\n<meta property=\"og:url\" content=\"https:\/\/lateteronde.com\/index.php\/produit\/boule-petanque\/\" \/>\n<meta property=\"article:modified_time\" content=\"2020-11-09T17:00:58+00:00\" \/>\n<meta property=\"og:image\" content=\"https:\/\/lateteronde.com\/wp-content\/uploads\/2020\/10\/image_ronde_petanque1-1.jpg\" \/>\n\t<meta property=\"og:image:width\" content=\"450\" \/>\n\t<meta property=\"og:image:height\" content=\"450\" \/>\n\t<meta property=\"og:image:type\" content=\"image\/jpeg\" \/>\n<meta name=\"twitter:card\" content=\"summary_large_image\" \/>\n<script type=\"application\/ld+json\" class=\"yoast-schema-graph\">{\"@context\":\"https:\\\/\\\/schema.org\",\"@graph\":[{\"@type\":\"WebPage\",\"@id\":\"https:\\\/\\\/lateteronde.com\\\/index.php\\\/produit\\\/boule-petanque\\\/\",\"url\":\"https:\\\/\\\/lateteronde.com\\\/index.php\\\/produit\\\/boule-petanque\\\/\",\"name\":\"Boule P\u00e9tanque -\",\"isPartOf\":{\"@id\":\"https:\\\/\\\/lateteronde.com\\\/#website\"},\"primaryImageOfPage\":{\"@id\":\"https:\\\/\\\/lateteronde.com\\\/index.php\\\/produit\\\/boule-petanque\\\/#primaryimage\"},\"image\":{\"@id\":\"https:\\\/\\\/lateteronde.com\\\/index.php\\\/produit\\\/boule-petanque\\\/#primaryimage\"},\"thumbnailUrl\":\"https:\\\/\\\/lateteronde.com\\\/wp-content\\\/uploads\\\/2020\\\/10\\\/image_ronde_petanque1-1.jpg\",\"datePublished\":\"2020-10-23T10:21:32+00:00\",\"dateModified\":\"2020-11-09T17:00:58+00:00\",\"breadcrumb\":{\"@id\":\"https:\\\/\\\/lateteronde.com\\\/index.php\\\/produit\\\/boule-petanque\\\/#breadcrumb\"},\"inLanguage\":\"fr-FR\",\"potentialAction\":[{\"@type\":\"ReadAction\",\"target\":[\"https:\\\/\\\/lateteronde.com\\\/index.php\\\/produit\\\/boule-petanque\\\/\"]}]},{\"@type\":\"ImageObject\",\"inLanguage\":\"fr-FR\",\"@id\":\"https:\\\/\\\/lateteronde.com\\\/index.php\\\/produit\\\/boule-petanque\\\/#primaryimage\",\"url\":\"https:\\\/\\\/lateteronde.com\\\/wp-content\\\/uploads\\\/2020\\\/10\\\/image_ronde_petanque1-1.jpg\",\"contentUrl\":\"https:\\\/\\\/lateteronde.com\\\/wp-content\\\/uploads\\\/2020\\\/10\\\/image_ronde_petanque1-1.jpg\",\"width\":450,\"height\":450},{\"@type\":\"BreadcrumbList\",\"@id\":\"https:\\\/\\\/lateteronde.com\\\/index.php\\\/produit\\\/boule-petanque\\\/#breadcrumb\",\"itemListElement\":[{\"@type\":\"ListItem\",\"position\":1,\"name\":\"Accueil\",\"item\":\"https:\\\/\\\/lateteronde.com\\\/\"},{\"@type\":\"ListItem\",\"position\":2,\"name\":\"Boutique\",\"item\":\"https:\\\/\\\/lateteronde.com\\\/index.php\\\/boutique\\\/\"},{\"@type\":\"ListItem\",\"position\":3,\"name\":\"Boule P\u00e9tanque\"}]},{\"@type\":\"WebSite\",\"@id\":\"https:\\\/\\\/lateteronde.com\\\/#website\",\"url\":\"https:\\\/\\\/lateteronde.com\\\/\",\"name\":\"\",\"description\":\"\",\"potentialAction\":[{\"@type\":\"SearchAction\",\"target\":{\"@type\":\"EntryPoint\",\"urlTemplate\":\"https:\\\/\\\/lateteronde.com\\\/?s={search_term_string}\"},\"query-input\":{\"@type\":\"PropertyValueSpecification\",\"valueRequired\":true,\"valueName\":\"search_term_string\"}}],\"inLanguage\":\"fr-FR\"}]}<\/script>\n<!-- \/ Yoast SEO plugin. -->","yoast_head_json":{"title":"Boule P\u00e9tanque -","robots":{"index":"index","follow":"follow","max-snippet":"max-snippet:-1","max-image-preview":"max-image-preview:large","max-video-preview":"max-video-preview:-1"},"canonical":"https:\/\/lateteronde.com\/index.php\/produit\/boule-petanque\/","og_locale":"fr_FR","og_type":"article","og_title":"Boule P\u00e9tanque -","og_description":"La nouvelle s\u00e9rie de boules P\u00e9tanque est en cours d'homologation.  Elles arrivent tr\u00e8s bient\u00f4t dans notre boutique","og_url":"https:\/\/lateteronde.com\/index.php\/produit\/boule-petanque\/","article_modified_time":"2020-11-09T17:00:58+00:00","og_image":[{"width":450,"height":450,"url":"https:\/\/lateteronde.com\/wp-content\/uploads\/2020\/10\/image_ronde_petanque1-1.jpg","type":"image\/jpeg"}],"twitter_card":"summary_large_image","schema":{"@context":"https:\/\/schema.org","@graph":[{"@type":"WebPage","@id":"https:\/\/lateteronde.com\/index.php\/produit\/boule-petanque\/","url":"https:\/\/lateteronde.com\/index.php\/produit\/boule-petanque\/","name":"Boule P\u00e9tanque -","isPartOf":{"@id":"https:\/\/lateteronde.com\/#website"},"primaryImageOfPage":{"@id":"https:\/\/lateteronde.com\/index.php\/produit\/boule-petanque\/#primaryimage"},"image":{"@id":"https:\/\/lateteronde.com\/index.php\/produit\/boule-petanque\/#primaryimage"},"thumbnailUrl":"https:\/\/lateteronde.com\/wp-content\/uploads\/2020\/10\/image_ronde_petanque1-1.jpg","datePublished":"2020-10-23T10:21:32+00:00","dateModified":"2020-11-09T17:00:58+00:00","breadcrumb":{"@id":"https:\/\/lateteronde.com\/index.php\/produit\/boule-petanque\/#breadcrumb"},"inLanguage":"fr-FR","potentialAction":[{"@type":"ReadAction","target":["https:\/\/lateteronde.com\/index.php\/produit\/boule-petanque\/"]}]},{"@type":"ImageObject","inLanguage":"fr-FR","@id":"https:\/\/lateteronde.com\/index.php\/produit\/boule-petanque\/#primaryimage","url":"https:\/\/lateteronde.com\/wp-content\/uploads\/2020\/10\/image_ronde_petanque1-1.jpg","contentUrl":"https:\/\/lateteronde.com\/wp-content\/uploads\/2020\/10\/image_ronde_petanque1-1.jpg","width":450,"height":450},{"@type":"BreadcrumbList","@id":"https:\/\/lateteronde.com\/index.php\/produit\/boule-petanque\/#breadcrumb","itemListElement":[{"@type":"ListItem","position":1,"name":"Accueil","item":"https:\/\/lateteronde.com\/"},{"@type":"ListItem","position":2,"name":"Boutique","item":"https:\/\/lateteronde.com\/index.php\/boutique\/"},{"@type":"ListItem","position":3,"name":"Boule P\u00e9tanque"}]},{"@type":"WebSite","@id":"https:\/\/lateteronde.com\/#website","url":"https:\/\/lateteronde.com\/","name":"","description":"","potentialAction":[{"@type":"SearchAction","target":{"@type":"EntryPoint","urlTemplate":"https:\/\/lateteronde.com\/?s={search_term_string}"},"query-input":{"@type":"PropertyValueSpecification","valueRequired":true,"valueName":"search_term_string"}}],"inLanguage":"fr-FR"}]}},"jetpack_sharing_enabled":true,"_links":{"self":[{"href":"https:\/\/lateteronde.com\/index.php\/wp-json\/wp\/v2\/product\/772","targetHints":{"allow":["GET"]}}],"collection":[{"href":"https:\/\/lateteronde.com\/index.php\/wp-json\/wp\/v2\/product"}],"about":[{"href":"https:\/\/lateteronde.com\/index.php\/wp-json\/wp\/v2\/types\/product"}],"replies":[{"embeddable":true,"href":"https:\/\/lateteronde.com\/index.php\/wp-json\/wp\/v2\/comments?post=772"}],"wp:featuredmedia":[{"embeddable":true,"href":"https:\/\/lateteronde.com\/index.php\/wp-json\/wp\/v2\/media\/554"}],"wp:attachment":[{"href":"https:\/\/lateteronde.com\/index.php\/wp-json\/wp\/v2\/media?parent=772"}],"wp:term":[{"taxonomy":"product_brand","embeddable":true,"href":"https:\/\/lateteronde.com\/index.php\/wp-json\/wp\/v2\/product_brand?post=772"},{"taxonomy":"product_cat","embeddable":true,"href":"https:\/\/lateteronde.com\/index.php\/wp-json\/wp\/v2\/product_cat?post=772"},{"taxonomy":"product_tag","embeddable":true,"href":"https:\/\/lateteronde.com\/index.php\/wp-json\/wp\/v2\/product_tag?post=772"}],"curies":[{"name":"wp","href":"https:\/\/api.w.org\/{rel}","templated":true}]}}