{"id":609,"date":"2020-10-08T16:57:55","date_gmt":"2020-10-08T14:57:55","guid":{"rendered":"https:\/\/lateteronde.com\/?post_type=product&#038;p=609"},"modified":"2025-12-22T14:46:43","modified_gmt":"2025-12-22T13:46:43","slug":"111n","status":"publish","type":"product","link":"https:\/\/lateteronde.com\/index.php\/produit\/111n\/","title":{"rendered":"111N"},"content":{"rendered":"","protected":false},"excerpt":{"rendered":"<p>Sac 3 compartiments avec poign\u00e9e renforc\u00e9e, bandouli\u00e8re d\u00e9tachable et r\u00e9glable et porte-\u00e9tiquette. En bas, compartiment s\u00e9par\u00e9 rigidifi\u00e9 avec mousse pouvant recevoir 4 boules + but. Poche suppl\u00e9mentaire sur le devant.<\/p>\n<p>Diff\u00e9rents coloris disponibles.<\/p>\n<p>Dimensions (L x H x P) : 380 x 390 x 180 mm<\/p>\n","protected":false},"featured_media":671,"comment_status":"open","ping_status":"closed","template":"","meta":[],"product_brand":[],"product_cat":[116],"product_tag":[],"class_list":{"0":"post-609","1":"product","2":"type-product","3":"status-publish","4":"has-post-thumbnail","6":"product_cat-sacs-et-sacoches","8":"first","9":"instock","10":"taxable","11":"shipping-taxable","12":"purchasable","13":"product-type-variable"},"yoast_head":"<!-- This site is optimized with the Yoast SEO plugin v27.2 - https:\/\/yoast.com\/product\/yoast-seo-wordpress\/ -->\n<title>111N -<\/title>\n<meta name=\"robots\" content=\"index, follow, max-snippet:-1, max-image-preview:large, max-video-preview:-1\" \/>\n<link rel=\"canonical\" href=\"https:\/\/lateteronde.com\/index.php\/produit\/111n\/\" \/>\n<meta property=\"og:locale\" content=\"fr_FR\" \/>\n<meta property=\"og:type\" content=\"article\" \/>\n<meta property=\"og:title\" content=\"111N -\" \/>\n<meta property=\"og:description\" content=\"Sac 3 compartiments avec poign\u00e9e renforc\u00e9e, bandouli\u00e8re d\u00e9tachable et r\u00e9glable et porte-\u00e9tiquette. En bas, compartiment s\u00e9par\u00e9 rigidifi\u00e9 avec mousse pouvant recevoir 4 boules + but. Poche suppl\u00e9mentaire sur le devant.  Diff\u00e9rents coloris disponibles.  Dimensions (L x H x P) : 380 x 390 x 180 mm\" \/>\n<meta property=\"og:url\" content=\"https:\/\/lateteronde.com\/index.php\/produit\/111n\/\" \/>\n<meta property=\"article:modified_time\" content=\"2025-12-22T13:46:43+00:00\" \/>\n<meta property=\"og:image\" content=\"https:\/\/lateteronde.com\/wp-content\/uploads\/2020\/10\/111-N-front-scaled.jpg\" \/>\n\t<meta property=\"og:image:width\" content=\"2560\" \/>\n\t<meta property=\"og:image:height\" content=\"2560\" \/>\n\t<meta property=\"og:image:type\" content=\"image\/jpeg\" \/>\n<meta name=\"twitter:card\" content=\"summary_large_image\" \/>\n<meta name=\"twitter:label1\" content=\"Dur\u00e9e de lecture estim\u00e9e\" \/>\n\t<meta name=\"twitter:data1\" content=\"1 minute\" \/>\n<script type=\"application\/ld+json\" class=\"yoast-schema-graph\">{\"@context\":\"https:\/\/schema.org\",\"@graph\":[{\"@type\":\"WebPage\",\"@id\":\"https:\/\/lateteronde.com\/index.php\/produit\/111n\/\",\"url\":\"https:\/\/lateteronde.com\/index.php\/produit\/111n\/\",\"name\":\"111N -\",\"isPartOf\":{\"@id\":\"https:\/\/lateteronde.com\/#website\"},\"primaryImageOfPage\":{\"@id\":\"https:\/\/lateteronde.com\/index.php\/produit\/111n\/#primaryimage\"},\"image\":{\"@id\":\"https:\/\/lateteronde.com\/index.php\/produit\/111n\/#primaryimage\"},\"thumbnailUrl\":\"https:\/\/lateteronde.com\/wp-content\/uploads\/2020\/10\/111-N-front-scaled.jpg\",\"datePublished\":\"2020-10-08T14:57:55+00:00\",\"dateModified\":\"2025-12-22T13:46:43+00:00\",\"breadcrumb\":{\"@id\":\"https:\/\/lateteronde.com\/index.php\/produit\/111n\/#breadcrumb\"},\"inLanguage\":\"fr-FR\",\"potentialAction\":[{\"@type\":\"ReadAction\",\"target\":[\"https:\/\/lateteronde.com\/index.php\/produit\/111n\/\"]}]},{\"@type\":\"ImageObject\",\"inLanguage\":\"fr-FR\",\"@id\":\"https:\/\/lateteronde.com\/index.php\/produit\/111n\/#primaryimage\",\"url\":\"https:\/\/lateteronde.com\/wp-content\/uploads\/2020\/10\/111-N-front-scaled.jpg\",\"contentUrl\":\"https:\/\/lateteronde.com\/wp-content\/uploads\/2020\/10\/111-N-front-scaled.jpg\",\"width\":2560,\"height\":2560},{\"@type\":\"BreadcrumbList\",\"@id\":\"https:\/\/lateteronde.com\/index.php\/produit\/111n\/#breadcrumb\",\"itemListElement\":[{\"@type\":\"ListItem\",\"position\":1,\"name\":\"Accueil\",\"item\":\"https:\/\/lateteronde.com\/\"},{\"@type\":\"ListItem\",\"position\":2,\"name\":\"Boutique\",\"item\":\"https:\/\/lateteronde.com\/index.php\/boutique\/\"},{\"@type\":\"ListItem\",\"position\":3,\"name\":\"111N\"}]},{\"@type\":\"WebSite\",\"@id\":\"https:\/\/lateteronde.com\/#website\",\"url\":\"https:\/\/lateteronde.com\/\",\"name\":\"\",\"description\":\"\",\"potentialAction\":[{\"@type\":\"SearchAction\",\"target\":{\"@type\":\"EntryPoint\",\"urlTemplate\":\"https:\/\/lateteronde.com\/?s={search_term_string}\"},\"query-input\":{\"@type\":\"PropertyValueSpecification\",\"valueRequired\":true,\"valueName\":\"search_term_string\"}}],\"inLanguage\":\"fr-FR\"}]}<\/script>\n<!-- \/ Yoast SEO plugin. -->","yoast_head_json":{"title":"111N -","robots":{"index":"index","follow":"follow","max-snippet":"max-snippet:-1","max-image-preview":"max-image-preview:large","max-video-preview":"max-video-preview:-1"},"canonical":"https:\/\/lateteronde.com\/index.php\/produit\/111n\/","og_locale":"fr_FR","og_type":"article","og_title":"111N -","og_description":"Sac 3 compartiments avec poign\u00e9e renforc\u00e9e, bandouli\u00e8re d\u00e9tachable et r\u00e9glable et porte-\u00e9tiquette. En bas, compartiment s\u00e9par\u00e9 rigidifi\u00e9 avec mousse pouvant recevoir 4 boules + but. Poche suppl\u00e9mentaire sur le devant.  Diff\u00e9rents coloris disponibles.  Dimensions (L x H x P) : 380 x 390 x 180 mm","og_url":"https:\/\/lateteronde.com\/index.php\/produit\/111n\/","article_modified_time":"2025-12-22T13:46:43+00:00","og_image":[{"width":2560,"height":2560,"url":"https:\/\/lateteronde.com\/wp-content\/uploads\/2020\/10\/111-N-front-scaled.jpg","type":"image\/jpeg"}],"twitter_card":"summary_large_image","twitter_misc":{"Dur\u00e9e de lecture estim\u00e9e":"1 minute"},"schema":{"@context":"https:\/\/schema.org","@graph":[{"@type":"WebPage","@id":"https:\/\/lateteronde.com\/index.php\/produit\/111n\/","url":"https:\/\/lateteronde.com\/index.php\/produit\/111n\/","name":"111N -","isPartOf":{"@id":"https:\/\/lateteronde.com\/#website"},"primaryImageOfPage":{"@id":"https:\/\/lateteronde.com\/index.php\/produit\/111n\/#primaryimage"},"image":{"@id":"https:\/\/lateteronde.com\/index.php\/produit\/111n\/#primaryimage"},"thumbnailUrl":"https:\/\/lateteronde.com\/wp-content\/uploads\/2020\/10\/111-N-front-scaled.jpg","datePublished":"2020-10-08T14:57:55+00:00","dateModified":"2025-12-22T13:46:43+00:00","breadcrumb":{"@id":"https:\/\/lateteronde.com\/index.php\/produit\/111n\/#breadcrumb"},"inLanguage":"fr-FR","potentialAction":[{"@type":"ReadAction","target":["https:\/\/lateteronde.com\/index.php\/produit\/111n\/"]}]},{"@type":"ImageObject","inLanguage":"fr-FR","@id":"https:\/\/lateteronde.com\/index.php\/produit\/111n\/#primaryimage","url":"https:\/\/lateteronde.com\/wp-content\/uploads\/2020\/10\/111-N-front-scaled.jpg","contentUrl":"https:\/\/lateteronde.com\/wp-content\/uploads\/2020\/10\/111-N-front-scaled.jpg","width":2560,"height":2560},{"@type":"BreadcrumbList","@id":"https:\/\/lateteronde.com\/index.php\/produit\/111n\/#breadcrumb","itemListElement":[{"@type":"ListItem","position":1,"name":"Accueil","item":"https:\/\/lateteronde.com\/"},{"@type":"ListItem","position":2,"name":"Boutique","item":"https:\/\/lateteronde.com\/index.php\/boutique\/"},{"@type":"ListItem","position":3,"name":"111N"}]},{"@type":"WebSite","@id":"https:\/\/lateteronde.com\/#website","url":"https:\/\/lateteronde.com\/","name":"","description":"","potentialAction":[{"@type":"SearchAction","target":{"@type":"EntryPoint","urlTemplate":"https:\/\/lateteronde.com\/?s={search_term_string}"},"query-input":{"@type":"PropertyValueSpecification","valueRequired":true,"valueName":"search_term_string"}}],"inLanguage":"fr-FR"}]}},"jetpack_sharing_enabled":true,"_links":{"self":[{"href":"https:\/\/lateteronde.com\/index.php\/wp-json\/wp\/v2\/product\/609","targetHints":{"allow":["GET"]}}],"collection":[{"href":"https:\/\/lateteronde.com\/index.php\/wp-json\/wp\/v2\/product"}],"about":[{"href":"https:\/\/lateteronde.com\/index.php\/wp-json\/wp\/v2\/types\/product"}],"replies":[{"embeddable":true,"href":"https:\/\/lateteronde.com\/index.php\/wp-json\/wp\/v2\/comments?post=609"}],"wp:featuredmedia":[{"embeddable":true,"href":"https:\/\/lateteronde.com\/index.php\/wp-json\/wp\/v2\/media\/671"}],"wp:attachment":[{"href":"https:\/\/lateteronde.com\/index.php\/wp-json\/wp\/v2\/media?parent=609"}],"wp:term":[{"taxonomy":"product_brand","embeddable":true,"href":"https:\/\/lateteronde.com\/index.php\/wp-json\/wp\/v2\/product_brand?post=609"},{"taxonomy":"product_cat","embeddable":true,"href":"https:\/\/lateteronde.com\/index.php\/wp-json\/wp\/v2\/product_cat?post=609"},{"taxonomy":"product_tag","embeddable":true,"href":"https:\/\/lateteronde.com\/index.php\/wp-json\/wp\/v2\/product_tag?post=609"}],"curies":[{"name":"wp","href":"https:\/\/api.w.org\/{rel}","templated":true}]}}