{"id":601,"date":"2020-10-08T16:44:46","date_gmt":"2020-10-08T14:44:46","guid":{"rendered":"https:\/\/lateteronde.com\/?post_type=product&#038;p=601"},"modified":"2025-12-22T14:48:33","modified_gmt":"2025-12-22T13:48:33","slug":"111df","status":"publish","type":"product","link":"https:\/\/lateteronde.com\/index.php\/produit\/111df\/","title":{"rendered":"111DF"},"content":{"rendered":"","protected":false},"excerpt":{"rendered":"<p>Sac double fond (4 compartiments) avec poign\u00e9e renforc\u00e9e, bandouli\u00e8re d\u00e9tachable et r\u00e9glable et porte-\u00e9tiquette. En bas, compartiment s\u00e9par\u00e9 rigidifi\u00e9 avec mousse pouvant recevoir 4 boules + but. Les chaussures pourraient trouver leur place dans le compartiment du milieu, les v\u00eatements dans le rangement du dessus. Poche suppl\u00e9mentaire sur le devant.<\/p>\n<p>Diff\u00e9rents coloris disponibles.<\/p>\n<p>Dimensions (L x H x P)\u00a0: 380 x 420 x 180 mm<\/p>\n","protected":false},"featured_media":673,"comment_status":"open","ping_status":"closed","template":"","meta":[],"product_brand":[],"product_cat":[116],"product_tag":[],"class_list":{"0":"post-601","1":"product","2":"type-product","3":"status-publish","4":"has-post-thumbnail","6":"product_cat-sacs-et-sacoches","8":"first","9":"instock","10":"taxable","11":"shipping-taxable","12":"purchasable","13":"product-type-variable"},"yoast_head":"<!-- This site is optimized with the Yoast SEO plugin v27.2 - https:\/\/yoast.com\/product\/yoast-seo-wordpress\/ -->\n<title>111DF -<\/title>\n<meta name=\"robots\" content=\"index, follow, max-snippet:-1, max-image-preview:large, max-video-preview:-1\" \/>\n<link rel=\"canonical\" href=\"https:\/\/lateteronde.com\/index.php\/produit\/111df\/\" \/>\n<meta property=\"og:locale\" content=\"fr_FR\" \/>\n<meta property=\"og:type\" content=\"article\" \/>\n<meta property=\"og:title\" content=\"111DF -\" \/>\n<meta property=\"og:description\" content=\"Sac double fond (4 compartiments) avec poign\u00e9e renforc\u00e9e, bandouli\u00e8re d\u00e9tachable et r\u00e9glable et porte-\u00e9tiquette. En bas, compartiment s\u00e9par\u00e9 rigidifi\u00e9 avec mousse pouvant recevoir 4 boules + but. Les chaussures pourraient trouver leur place dans le compartiment du milieu, les v\u00eatements dans le rangement du dessus. Poche suppl\u00e9mentaire sur le devant.  Diff\u00e9rents coloris disponibles.  Dimensions (L x H x P)\u00a0: 380 x 420 x 180 mm\" \/>\n<meta property=\"og:url\" content=\"https:\/\/lateteronde.com\/index.php\/produit\/111df\/\" \/>\n<meta property=\"article:modified_time\" content=\"2025-12-22T13:48:33+00:00\" \/>\n<meta property=\"og:image\" content=\"https:\/\/lateteronde.com\/wp-content\/uploads\/2020\/10\/111-DF-DFN-front-scaled.jpg\" \/>\n\t<meta property=\"og:image:width\" content=\"2560\" \/>\n\t<meta property=\"og:image:height\" content=\"2560\" \/>\n\t<meta property=\"og:image:type\" content=\"image\/jpeg\" \/>\n<meta name=\"twitter:card\" content=\"summary_large_image\" \/>\n<meta name=\"twitter:label1\" content=\"Dur\u00e9e de lecture estim\u00e9e\" \/>\n\t<meta name=\"twitter:data1\" content=\"1 minute\" \/>\n<script type=\"application\/ld+json\" class=\"yoast-schema-graph\">{\"@context\":\"https:\/\/schema.org\",\"@graph\":[{\"@type\":\"WebPage\",\"@id\":\"https:\/\/lateteronde.com\/index.php\/produit\/111df\/\",\"url\":\"https:\/\/lateteronde.com\/index.php\/produit\/111df\/\",\"name\":\"111DF -\",\"isPartOf\":{\"@id\":\"https:\/\/lateteronde.com\/#website\"},\"primaryImageOfPage\":{\"@id\":\"https:\/\/lateteronde.com\/index.php\/produit\/111df\/#primaryimage\"},\"image\":{\"@id\":\"https:\/\/lateteronde.com\/index.php\/produit\/111df\/#primaryimage\"},\"thumbnailUrl\":\"https:\/\/lateteronde.com\/wp-content\/uploads\/2020\/10\/111-DF-DFN-front-scaled.jpg\",\"datePublished\":\"2020-10-08T14:44:46+00:00\",\"dateModified\":\"2025-12-22T13:48:33+00:00\",\"breadcrumb\":{\"@id\":\"https:\/\/lateteronde.com\/index.php\/produit\/111df\/#breadcrumb\"},\"inLanguage\":\"fr-FR\",\"potentialAction\":[{\"@type\":\"ReadAction\",\"target\":[\"https:\/\/lateteronde.com\/index.php\/produit\/111df\/\"]}]},{\"@type\":\"ImageObject\",\"inLanguage\":\"fr-FR\",\"@id\":\"https:\/\/lateteronde.com\/index.php\/produit\/111df\/#primaryimage\",\"url\":\"https:\/\/lateteronde.com\/wp-content\/uploads\/2020\/10\/111-DF-DFN-front-scaled.jpg\",\"contentUrl\":\"https:\/\/lateteronde.com\/wp-content\/uploads\/2020\/10\/111-DF-DFN-front-scaled.jpg\",\"width\":2560,\"height\":2560},{\"@type\":\"BreadcrumbList\",\"@id\":\"https:\/\/lateteronde.com\/index.php\/produit\/111df\/#breadcrumb\",\"itemListElement\":[{\"@type\":\"ListItem\",\"position\":1,\"name\":\"Accueil\",\"item\":\"https:\/\/lateteronde.com\/\"},{\"@type\":\"ListItem\",\"position\":2,\"name\":\"Boutique\",\"item\":\"https:\/\/lateteronde.com\/index.php\/boutique\/\"},{\"@type\":\"ListItem\",\"position\":3,\"name\":\"111DF\"}]},{\"@type\":\"WebSite\",\"@id\":\"https:\/\/lateteronde.com\/#website\",\"url\":\"https:\/\/lateteronde.com\/\",\"name\":\"\",\"description\":\"\",\"potentialAction\":[{\"@type\":\"SearchAction\",\"target\":{\"@type\":\"EntryPoint\",\"urlTemplate\":\"https:\/\/lateteronde.com\/?s={search_term_string}\"},\"query-input\":{\"@type\":\"PropertyValueSpecification\",\"valueRequired\":true,\"valueName\":\"search_term_string\"}}],\"inLanguage\":\"fr-FR\"}]}<\/script>\n<!-- \/ Yoast SEO plugin. -->","yoast_head_json":{"title":"111DF -","robots":{"index":"index","follow":"follow","max-snippet":"max-snippet:-1","max-image-preview":"max-image-preview:large","max-video-preview":"max-video-preview:-1"},"canonical":"https:\/\/lateteronde.com\/index.php\/produit\/111df\/","og_locale":"fr_FR","og_type":"article","og_title":"111DF -","og_description":"Sac double fond (4 compartiments) avec poign\u00e9e renforc\u00e9e, bandouli\u00e8re d\u00e9tachable et r\u00e9glable et porte-\u00e9tiquette. En bas, compartiment s\u00e9par\u00e9 rigidifi\u00e9 avec mousse pouvant recevoir 4 boules + but. Les chaussures pourraient trouver leur place dans le compartiment du milieu, les v\u00eatements dans le rangement du dessus. Poche suppl\u00e9mentaire sur le devant.  Diff\u00e9rents coloris disponibles.  Dimensions (L x H x P)\u00a0: 380 x 420 x 180 mm","og_url":"https:\/\/lateteronde.com\/index.php\/produit\/111df\/","article_modified_time":"2025-12-22T13:48:33+00:00","og_image":[{"width":2560,"height":2560,"url":"https:\/\/lateteronde.com\/wp-content\/uploads\/2020\/10\/111-DF-DFN-front-scaled.jpg","type":"image\/jpeg"}],"twitter_card":"summary_large_image","twitter_misc":{"Dur\u00e9e de lecture estim\u00e9e":"1 minute"},"schema":{"@context":"https:\/\/schema.org","@graph":[{"@type":"WebPage","@id":"https:\/\/lateteronde.com\/index.php\/produit\/111df\/","url":"https:\/\/lateteronde.com\/index.php\/produit\/111df\/","name":"111DF -","isPartOf":{"@id":"https:\/\/lateteronde.com\/#website"},"primaryImageOfPage":{"@id":"https:\/\/lateteronde.com\/index.php\/produit\/111df\/#primaryimage"},"image":{"@id":"https:\/\/lateteronde.com\/index.php\/produit\/111df\/#primaryimage"},"thumbnailUrl":"https:\/\/lateteronde.com\/wp-content\/uploads\/2020\/10\/111-DF-DFN-front-scaled.jpg","datePublished":"2020-10-08T14:44:46+00:00","dateModified":"2025-12-22T13:48:33+00:00","breadcrumb":{"@id":"https:\/\/lateteronde.com\/index.php\/produit\/111df\/#breadcrumb"},"inLanguage":"fr-FR","potentialAction":[{"@type":"ReadAction","target":["https:\/\/lateteronde.com\/index.php\/produit\/111df\/"]}]},{"@type":"ImageObject","inLanguage":"fr-FR","@id":"https:\/\/lateteronde.com\/index.php\/produit\/111df\/#primaryimage","url":"https:\/\/lateteronde.com\/wp-content\/uploads\/2020\/10\/111-DF-DFN-front-scaled.jpg","contentUrl":"https:\/\/lateteronde.com\/wp-content\/uploads\/2020\/10\/111-DF-DFN-front-scaled.jpg","width":2560,"height":2560},{"@type":"BreadcrumbList","@id":"https:\/\/lateteronde.com\/index.php\/produit\/111df\/#breadcrumb","itemListElement":[{"@type":"ListItem","position":1,"name":"Accueil","item":"https:\/\/lateteronde.com\/"},{"@type":"ListItem","position":2,"name":"Boutique","item":"https:\/\/lateteronde.com\/index.php\/boutique\/"},{"@type":"ListItem","position":3,"name":"111DF"}]},{"@type":"WebSite","@id":"https:\/\/lateteronde.com\/#website","url":"https:\/\/lateteronde.com\/","name":"","description":"","potentialAction":[{"@type":"SearchAction","target":{"@type":"EntryPoint","urlTemplate":"https:\/\/lateteronde.com\/?s={search_term_string}"},"query-input":{"@type":"PropertyValueSpecification","valueRequired":true,"valueName":"search_term_string"}}],"inLanguage":"fr-FR"}]}},"jetpack_sharing_enabled":true,"_links":{"self":[{"href":"https:\/\/lateteronde.com\/index.php\/wp-json\/wp\/v2\/product\/601","targetHints":{"allow":["GET"]}}],"collection":[{"href":"https:\/\/lateteronde.com\/index.php\/wp-json\/wp\/v2\/product"}],"about":[{"href":"https:\/\/lateteronde.com\/index.php\/wp-json\/wp\/v2\/types\/product"}],"replies":[{"embeddable":true,"href":"https:\/\/lateteronde.com\/index.php\/wp-json\/wp\/v2\/comments?post=601"}],"wp:featuredmedia":[{"embeddable":true,"href":"https:\/\/lateteronde.com\/index.php\/wp-json\/wp\/v2\/media\/673"}],"wp:attachment":[{"href":"https:\/\/lateteronde.com\/index.php\/wp-json\/wp\/v2\/media?parent=601"}],"wp:term":[{"taxonomy":"product_brand","embeddable":true,"href":"https:\/\/lateteronde.com\/index.php\/wp-json\/wp\/v2\/product_brand?post=601"},{"taxonomy":"product_cat","embeddable":true,"href":"https:\/\/lateteronde.com\/index.php\/wp-json\/wp\/v2\/product_cat?post=601"},{"taxonomy":"product_tag","embeddable":true,"href":"https:\/\/lateteronde.com\/index.php\/wp-json\/wp\/v2\/product_tag?post=601"}],"curies":[{"name":"wp","href":"https:\/\/api.w.org\/{rel}","templated":true}]}}