{"id":591,"date":"2020-10-08T16:25:08","date_gmt":"2020-10-08T14:25:08","guid":{"rendered":"https:\/\/lateteronde.com\/?post_type=product&#038;p=591"},"modified":"2025-11-05T14:52:18","modified_gmt":"2025-11-05T13:52:18","slug":"leve-boule-lyonnaise","status":"publish","type":"product","link":"https:\/\/lateteronde.com\/index.php\/produit\/leve-boule-lyonnaise\/","title":{"rendered":"L\u00e8ve-boule Lyonnaise"},"content":{"rendered":"","protected":false},"excerpt":{"rendered":"<p>L\u00e8ve-boule Lyonnaise<\/p>\n<p>Convient pour diam\u00e8tres entre 80 et 102 mm.<\/p>\n<p>La couleur des \u00e9l\u00e9ments plastiques peut varier selon disponibilit\u00e9 du fabricant.<\/p>\n","protected":false},"featured_media":678,"comment_status":"open","ping_status":"closed","template":"","meta":[],"product_brand":[],"product_cat":[117],"product_tag":[],"class_list":{"0":"post-591","1":"product","2":"type-product","3":"status-publish","4":"has-post-thumbnail","6":"product_cat-a-utiliser-sur-les-jeux","8":"first","9":"instock","10":"taxable","11":"shipping-taxable","12":"purchasable","13":"product-type-simple"},"yoast_head":"<!-- This site is optimized with the Yoast SEO plugin v27.4 - https:\/\/yoast.com\/product\/yoast-seo-wordpress\/ -->\n<title>L\u00e8ve-boule Lyonnaise -<\/title>\n<meta name=\"robots\" content=\"index, follow, max-snippet:-1, max-image-preview:large, max-video-preview:-1\" \/>\n<link rel=\"canonical\" href=\"https:\/\/lateteronde.com\/index.php\/produit\/leve-boule-lyonnaise\/\" \/>\n<meta property=\"og:locale\" content=\"fr_FR\" \/>\n<meta property=\"og:type\" content=\"article\" \/>\n<meta property=\"og:title\" content=\"L\u00e8ve-boule Lyonnaise -\" \/>\n<meta property=\"og:description\" content=\"L\u00e8ve-boule Lyonnaise  Convient pour diam\u00e8tres entre 80 et 102 mm.  La couleur des \u00e9l\u00e9ments plastiques peut varier selon disponibilit\u00e9 du fabricant.\" \/>\n<meta property=\"og:url\" content=\"https:\/\/lateteronde.com\/index.php\/produit\/leve-boule-lyonnaise\/\" \/>\n<meta property=\"article:modified_time\" content=\"2025-11-05T13:52:18+00:00\" \/>\n<meta property=\"og:image\" content=\"https:\/\/lateteronde.com\/wp-content\/uploads\/2020\/10\/Leveboule-Lyonnaise-scaled.jpg\" \/>\n\t<meta property=\"og:image:width\" content=\"2560\" \/>\n\t<meta property=\"og:image:height\" content=\"2560\" \/>\n\t<meta property=\"og:image:type\" content=\"image\/jpeg\" \/>\n<meta name=\"twitter:card\" content=\"summary_large_image\" \/>\n<meta name=\"twitter:label1\" content=\"Dur\u00e9e de lecture estim\u00e9e\" \/>\n\t<meta name=\"twitter:data1\" content=\"1 minute\" \/>\n<script type=\"application\/ld+json\" class=\"yoast-schema-graph\">{\"@context\":\"https:\\\/\\\/schema.org\",\"@graph\":[{\"@type\":\"WebPage\",\"@id\":\"https:\\\/\\\/lateteronde.com\\\/index.php\\\/produit\\\/leve-boule-lyonnaise\\\/\",\"url\":\"https:\\\/\\\/lateteronde.com\\\/index.php\\\/produit\\\/leve-boule-lyonnaise\\\/\",\"name\":\"L\u00e8ve-boule Lyonnaise -\",\"isPartOf\":{\"@id\":\"https:\\\/\\\/lateteronde.com\\\/#website\"},\"primaryImageOfPage\":{\"@id\":\"https:\\\/\\\/lateteronde.com\\\/index.php\\\/produit\\\/leve-boule-lyonnaise\\\/#primaryimage\"},\"image\":{\"@id\":\"https:\\\/\\\/lateteronde.com\\\/index.php\\\/produit\\\/leve-boule-lyonnaise\\\/#primaryimage\"},\"thumbnailUrl\":\"https:\\\/\\\/lateteronde.com\\\/wp-content\\\/uploads\\\/2020\\\/10\\\/Leveboule-Lyonnaise-scaled.jpg\",\"datePublished\":\"2020-10-08T14:25:08+00:00\",\"dateModified\":\"2025-11-05T13:52:18+00:00\",\"breadcrumb\":{\"@id\":\"https:\\\/\\\/lateteronde.com\\\/index.php\\\/produit\\\/leve-boule-lyonnaise\\\/#breadcrumb\"},\"inLanguage\":\"fr-FR\",\"potentialAction\":[{\"@type\":\"ReadAction\",\"target\":[\"https:\\\/\\\/lateteronde.com\\\/index.php\\\/produit\\\/leve-boule-lyonnaise\\\/\"]}]},{\"@type\":\"ImageObject\",\"inLanguage\":\"fr-FR\",\"@id\":\"https:\\\/\\\/lateteronde.com\\\/index.php\\\/produit\\\/leve-boule-lyonnaise\\\/#primaryimage\",\"url\":\"https:\\\/\\\/lateteronde.com\\\/wp-content\\\/uploads\\\/2020\\\/10\\\/Leveboule-Lyonnaise-scaled.jpg\",\"contentUrl\":\"https:\\\/\\\/lateteronde.com\\\/wp-content\\\/uploads\\\/2020\\\/10\\\/Leveboule-Lyonnaise-scaled.jpg\",\"width\":2560,\"height\":2560},{\"@type\":\"BreadcrumbList\",\"@id\":\"https:\\\/\\\/lateteronde.com\\\/index.php\\\/produit\\\/leve-boule-lyonnaise\\\/#breadcrumb\",\"itemListElement\":[{\"@type\":\"ListItem\",\"position\":1,\"name\":\"Accueil\",\"item\":\"https:\\\/\\\/lateteronde.com\\\/\"},{\"@type\":\"ListItem\",\"position\":2,\"name\":\"Boutique\",\"item\":\"https:\\\/\\\/lateteronde.com\\\/index.php\\\/boutique\\\/\"},{\"@type\":\"ListItem\",\"position\":3,\"name\":\"L\u00e8ve-boule Lyonnaise\"}]},{\"@type\":\"WebSite\",\"@id\":\"https:\\\/\\\/lateteronde.com\\\/#website\",\"url\":\"https:\\\/\\\/lateteronde.com\\\/\",\"name\":\"\",\"description\":\"\",\"potentialAction\":[{\"@type\":\"SearchAction\",\"target\":{\"@type\":\"EntryPoint\",\"urlTemplate\":\"https:\\\/\\\/lateteronde.com\\\/?s={search_term_string}\"},\"query-input\":{\"@type\":\"PropertyValueSpecification\",\"valueRequired\":true,\"valueName\":\"search_term_string\"}}],\"inLanguage\":\"fr-FR\"}]}<\/script>\n<!-- \/ Yoast SEO plugin. -->","yoast_head_json":{"title":"L\u00e8ve-boule Lyonnaise -","robots":{"index":"index","follow":"follow","max-snippet":"max-snippet:-1","max-image-preview":"max-image-preview:large","max-video-preview":"max-video-preview:-1"},"canonical":"https:\/\/lateteronde.com\/index.php\/produit\/leve-boule-lyonnaise\/","og_locale":"fr_FR","og_type":"article","og_title":"L\u00e8ve-boule Lyonnaise -","og_description":"L\u00e8ve-boule Lyonnaise  Convient pour diam\u00e8tres entre 80 et 102 mm.  La couleur des \u00e9l\u00e9ments plastiques peut varier selon disponibilit\u00e9 du fabricant.","og_url":"https:\/\/lateteronde.com\/index.php\/produit\/leve-boule-lyonnaise\/","article_modified_time":"2025-11-05T13:52:18+00:00","og_image":[{"width":2560,"height":2560,"url":"https:\/\/lateteronde.com\/wp-content\/uploads\/2020\/10\/Leveboule-Lyonnaise-scaled.jpg","type":"image\/jpeg"}],"twitter_card":"summary_large_image","twitter_misc":{"Dur\u00e9e de lecture estim\u00e9e":"1 minute"},"schema":{"@context":"https:\/\/schema.org","@graph":[{"@type":"WebPage","@id":"https:\/\/lateteronde.com\/index.php\/produit\/leve-boule-lyonnaise\/","url":"https:\/\/lateteronde.com\/index.php\/produit\/leve-boule-lyonnaise\/","name":"L\u00e8ve-boule Lyonnaise -","isPartOf":{"@id":"https:\/\/lateteronde.com\/#website"},"primaryImageOfPage":{"@id":"https:\/\/lateteronde.com\/index.php\/produit\/leve-boule-lyonnaise\/#primaryimage"},"image":{"@id":"https:\/\/lateteronde.com\/index.php\/produit\/leve-boule-lyonnaise\/#primaryimage"},"thumbnailUrl":"https:\/\/lateteronde.com\/wp-content\/uploads\/2020\/10\/Leveboule-Lyonnaise-scaled.jpg","datePublished":"2020-10-08T14:25:08+00:00","dateModified":"2025-11-05T13:52:18+00:00","breadcrumb":{"@id":"https:\/\/lateteronde.com\/index.php\/produit\/leve-boule-lyonnaise\/#breadcrumb"},"inLanguage":"fr-FR","potentialAction":[{"@type":"ReadAction","target":["https:\/\/lateteronde.com\/index.php\/produit\/leve-boule-lyonnaise\/"]}]},{"@type":"ImageObject","inLanguage":"fr-FR","@id":"https:\/\/lateteronde.com\/index.php\/produit\/leve-boule-lyonnaise\/#primaryimage","url":"https:\/\/lateteronde.com\/wp-content\/uploads\/2020\/10\/Leveboule-Lyonnaise-scaled.jpg","contentUrl":"https:\/\/lateteronde.com\/wp-content\/uploads\/2020\/10\/Leveboule-Lyonnaise-scaled.jpg","width":2560,"height":2560},{"@type":"BreadcrumbList","@id":"https:\/\/lateteronde.com\/index.php\/produit\/leve-boule-lyonnaise\/#breadcrumb","itemListElement":[{"@type":"ListItem","position":1,"name":"Accueil","item":"https:\/\/lateteronde.com\/"},{"@type":"ListItem","position":2,"name":"Boutique","item":"https:\/\/lateteronde.com\/index.php\/boutique\/"},{"@type":"ListItem","position":3,"name":"L\u00e8ve-boule Lyonnaise"}]},{"@type":"WebSite","@id":"https:\/\/lateteronde.com\/#website","url":"https:\/\/lateteronde.com\/","name":"","description":"","potentialAction":[{"@type":"SearchAction","target":{"@type":"EntryPoint","urlTemplate":"https:\/\/lateteronde.com\/?s={search_term_string}"},"query-input":{"@type":"PropertyValueSpecification","valueRequired":true,"valueName":"search_term_string"}}],"inLanguage":"fr-FR"}]}},"jetpack_sharing_enabled":true,"_links":{"self":[{"href":"https:\/\/lateteronde.com\/index.php\/wp-json\/wp\/v2\/product\/591","targetHints":{"allow":["GET"]}}],"collection":[{"href":"https:\/\/lateteronde.com\/index.php\/wp-json\/wp\/v2\/product"}],"about":[{"href":"https:\/\/lateteronde.com\/index.php\/wp-json\/wp\/v2\/types\/product"}],"replies":[{"embeddable":true,"href":"https:\/\/lateteronde.com\/index.php\/wp-json\/wp\/v2\/comments?post=591"}],"wp:featuredmedia":[{"embeddable":true,"href":"https:\/\/lateteronde.com\/index.php\/wp-json\/wp\/v2\/media\/678"}],"wp:attachment":[{"href":"https:\/\/lateteronde.com\/index.php\/wp-json\/wp\/v2\/media?parent=591"}],"wp:term":[{"taxonomy":"product_brand","embeddable":true,"href":"https:\/\/lateteronde.com\/index.php\/wp-json\/wp\/v2\/product_brand?post=591"},{"taxonomy":"product_cat","embeddable":true,"href":"https:\/\/lateteronde.com\/index.php\/wp-json\/wp\/v2\/product_cat?post=591"},{"taxonomy":"product_tag","embeddable":true,"href":"https:\/\/lateteronde.com\/index.php\/wp-json\/wp\/v2\/product_tag?post=591"}],"curies":[{"name":"wp","href":"https:\/\/api.w.org\/{rel}","templated":true}]}}