{"id":587,"date":"2020-10-08T16:20:15","date_gmt":"2020-10-08T14:20:15","guid":{"rendered":"https:\/\/lateteronde.com\/?post_type=product&#038;p=587"},"modified":"2023-02-02T15:54:59","modified_gmt":"2023-02-02T14:54:59","slug":"buts-petanque","status":"publish","type":"product","link":"https:\/\/lateteronde.com\/index.php\/produit\/buts-petanque\/","title":{"rendered":"Buts P\u00e9tanque"},"content":{"rendered":"","protected":false},"excerpt":{"rendered":"<p>Buts en buis de diam\u00e8tre 30 mm. Diff\u00e9rents coloris disponibles.<\/p>\n<p>Personnalisables avec le logo de votre choix. Quantit\u00e9 minimale applicable, renseignez-vous \u00e0 l\u2019adresse <a href=\"mailto:contact@lateteronde.com\">contact@lateteronde.com<\/a><\/p>\n","protected":false},"featured_media":588,"comment_status":"open","ping_status":"closed","template":"","meta":[],"product_brand":[],"product_cat":[117],"product_tag":[],"class_list":{"0":"post-587","1":"product","2":"type-product","3":"status-publish","4":"has-post-thumbnail","6":"product_cat-a-utiliser-sur-les-jeux","8":"first","9":"instock","10":"taxable","11":"shipping-taxable","12":"purchasable","13":"product-type-simple"},"yoast_head":"<!-- This site is optimized with the Yoast SEO plugin v27.4 - https:\/\/yoast.com\/product\/yoast-seo-wordpress\/ -->\n<title>Buts P\u00e9tanque -<\/title>\n<meta name=\"robots\" content=\"index, follow, max-snippet:-1, max-image-preview:large, max-video-preview:-1\" \/>\n<link rel=\"canonical\" href=\"https:\/\/lateteronde.com\/index.php\/produit\/buts-petanque\/\" \/>\n<meta property=\"og:locale\" content=\"fr_FR\" \/>\n<meta property=\"og:type\" content=\"article\" \/>\n<meta property=\"og:title\" content=\"Buts P\u00e9tanque -\" \/>\n<meta property=\"og:description\" content=\"Buts en buis de diam\u00e8tre 30 mm. Diff\u00e9rents coloris disponibles.  Personnalisables avec le logo de votre choix. Quantit\u00e9 minimale applicable, renseignez-vous \u00e0 l\u2019adresse contact@lateteronde.com\" \/>\n<meta property=\"og:url\" content=\"https:\/\/lateteronde.com\/index.php\/produit\/buts-petanque\/\" \/>\n<meta property=\"article:modified_time\" content=\"2023-02-02T14:54:59+00:00\" \/>\n<meta property=\"og:image\" content=\"https:\/\/lateteronde.com\/wp-content\/uploads\/2020\/10\/Buts-petanque-1024x768.jpg\" \/>\n\t<meta property=\"og:image:width\" content=\"1024\" \/>\n\t<meta property=\"og:image:height\" content=\"768\" \/>\n\t<meta property=\"og:image:type\" content=\"image\/jpeg\" \/>\n<meta name=\"twitter:card\" content=\"summary_large_image\" \/>\n<script type=\"application\/ld+json\" class=\"yoast-schema-graph\">{\"@context\":\"https:\\\/\\\/schema.org\",\"@graph\":[{\"@type\":\"WebPage\",\"@id\":\"https:\\\/\\\/lateteronde.com\\\/index.php\\\/produit\\\/buts-petanque\\\/\",\"url\":\"https:\\\/\\\/lateteronde.com\\\/index.php\\\/produit\\\/buts-petanque\\\/\",\"name\":\"Buts P\u00e9tanque -\",\"isPartOf\":{\"@id\":\"https:\\\/\\\/lateteronde.com\\\/#website\"},\"primaryImageOfPage\":{\"@id\":\"https:\\\/\\\/lateteronde.com\\\/index.php\\\/produit\\\/buts-petanque\\\/#primaryimage\"},\"image\":{\"@id\":\"https:\\\/\\\/lateteronde.com\\\/index.php\\\/produit\\\/buts-petanque\\\/#primaryimage\"},\"thumbnailUrl\":\"https:\\\/\\\/lateteronde.com\\\/wp-content\\\/uploads\\\/2020\\\/10\\\/Buts-petanque.jpg\",\"datePublished\":\"2020-10-08T14:20:15+00:00\",\"dateModified\":\"2023-02-02T14:54:59+00:00\",\"breadcrumb\":{\"@id\":\"https:\\\/\\\/lateteronde.com\\\/index.php\\\/produit\\\/buts-petanque\\\/#breadcrumb\"},\"inLanguage\":\"fr-FR\",\"potentialAction\":[{\"@type\":\"ReadAction\",\"target\":[\"https:\\\/\\\/lateteronde.com\\\/index.php\\\/produit\\\/buts-petanque\\\/\"]}]},{\"@type\":\"ImageObject\",\"inLanguage\":\"fr-FR\",\"@id\":\"https:\\\/\\\/lateteronde.com\\\/index.php\\\/produit\\\/buts-petanque\\\/#primaryimage\",\"url\":\"https:\\\/\\\/lateteronde.com\\\/wp-content\\\/uploads\\\/2020\\\/10\\\/Buts-petanque.jpg\",\"contentUrl\":\"https:\\\/\\\/lateteronde.com\\\/wp-content\\\/uploads\\\/2020\\\/10\\\/Buts-petanque.jpg\",\"width\":2560,\"height\":1920},{\"@type\":\"BreadcrumbList\",\"@id\":\"https:\\\/\\\/lateteronde.com\\\/index.php\\\/produit\\\/buts-petanque\\\/#breadcrumb\",\"itemListElement\":[{\"@type\":\"ListItem\",\"position\":1,\"name\":\"Accueil\",\"item\":\"https:\\\/\\\/lateteronde.com\\\/\"},{\"@type\":\"ListItem\",\"position\":2,\"name\":\"Boutique\",\"item\":\"https:\\\/\\\/lateteronde.com\\\/index.php\\\/boutique\\\/\"},{\"@type\":\"ListItem\",\"position\":3,\"name\":\"Buts P\u00e9tanque\"}]},{\"@type\":\"WebSite\",\"@id\":\"https:\\\/\\\/lateteronde.com\\\/#website\",\"url\":\"https:\\\/\\\/lateteronde.com\\\/\",\"name\":\"\",\"description\":\"\",\"potentialAction\":[{\"@type\":\"SearchAction\",\"target\":{\"@type\":\"EntryPoint\",\"urlTemplate\":\"https:\\\/\\\/lateteronde.com\\\/?s={search_term_string}\"},\"query-input\":{\"@type\":\"PropertyValueSpecification\",\"valueRequired\":true,\"valueName\":\"search_term_string\"}}],\"inLanguage\":\"fr-FR\"}]}<\/script>\n<!-- \/ Yoast SEO plugin. -->","yoast_head_json":{"title":"Buts P\u00e9tanque -","robots":{"index":"index","follow":"follow","max-snippet":"max-snippet:-1","max-image-preview":"max-image-preview:large","max-video-preview":"max-video-preview:-1"},"canonical":"https:\/\/lateteronde.com\/index.php\/produit\/buts-petanque\/","og_locale":"fr_FR","og_type":"article","og_title":"Buts P\u00e9tanque -","og_description":"Buts en buis de diam\u00e8tre 30 mm. Diff\u00e9rents coloris disponibles.  Personnalisables avec le logo de votre choix. Quantit\u00e9 minimale applicable, renseignez-vous \u00e0 l\u2019adresse contact@lateteronde.com","og_url":"https:\/\/lateteronde.com\/index.php\/produit\/buts-petanque\/","article_modified_time":"2023-02-02T14:54:59+00:00","og_image":[{"width":1024,"height":768,"url":"https:\/\/lateteronde.com\/wp-content\/uploads\/2020\/10\/Buts-petanque-1024x768.jpg","type":"image\/jpeg"}],"twitter_card":"summary_large_image","schema":{"@context":"https:\/\/schema.org","@graph":[{"@type":"WebPage","@id":"https:\/\/lateteronde.com\/index.php\/produit\/buts-petanque\/","url":"https:\/\/lateteronde.com\/index.php\/produit\/buts-petanque\/","name":"Buts P\u00e9tanque -","isPartOf":{"@id":"https:\/\/lateteronde.com\/#website"},"primaryImageOfPage":{"@id":"https:\/\/lateteronde.com\/index.php\/produit\/buts-petanque\/#primaryimage"},"image":{"@id":"https:\/\/lateteronde.com\/index.php\/produit\/buts-petanque\/#primaryimage"},"thumbnailUrl":"https:\/\/lateteronde.com\/wp-content\/uploads\/2020\/10\/Buts-petanque.jpg","datePublished":"2020-10-08T14:20:15+00:00","dateModified":"2023-02-02T14:54:59+00:00","breadcrumb":{"@id":"https:\/\/lateteronde.com\/index.php\/produit\/buts-petanque\/#breadcrumb"},"inLanguage":"fr-FR","potentialAction":[{"@type":"ReadAction","target":["https:\/\/lateteronde.com\/index.php\/produit\/buts-petanque\/"]}]},{"@type":"ImageObject","inLanguage":"fr-FR","@id":"https:\/\/lateteronde.com\/index.php\/produit\/buts-petanque\/#primaryimage","url":"https:\/\/lateteronde.com\/wp-content\/uploads\/2020\/10\/Buts-petanque.jpg","contentUrl":"https:\/\/lateteronde.com\/wp-content\/uploads\/2020\/10\/Buts-petanque.jpg","width":2560,"height":1920},{"@type":"BreadcrumbList","@id":"https:\/\/lateteronde.com\/index.php\/produit\/buts-petanque\/#breadcrumb","itemListElement":[{"@type":"ListItem","position":1,"name":"Accueil","item":"https:\/\/lateteronde.com\/"},{"@type":"ListItem","position":2,"name":"Boutique","item":"https:\/\/lateteronde.com\/index.php\/boutique\/"},{"@type":"ListItem","position":3,"name":"Buts P\u00e9tanque"}]},{"@type":"WebSite","@id":"https:\/\/lateteronde.com\/#website","url":"https:\/\/lateteronde.com\/","name":"","description":"","potentialAction":[{"@type":"SearchAction","target":{"@type":"EntryPoint","urlTemplate":"https:\/\/lateteronde.com\/?s={search_term_string}"},"query-input":{"@type":"PropertyValueSpecification","valueRequired":true,"valueName":"search_term_string"}}],"inLanguage":"fr-FR"}]}},"jetpack_sharing_enabled":true,"_links":{"self":[{"href":"https:\/\/lateteronde.com\/index.php\/wp-json\/wp\/v2\/product\/587","targetHints":{"allow":["GET"]}}],"collection":[{"href":"https:\/\/lateteronde.com\/index.php\/wp-json\/wp\/v2\/product"}],"about":[{"href":"https:\/\/lateteronde.com\/index.php\/wp-json\/wp\/v2\/types\/product"}],"replies":[{"embeddable":true,"href":"https:\/\/lateteronde.com\/index.php\/wp-json\/wp\/v2\/comments?post=587"}],"wp:featuredmedia":[{"embeddable":true,"href":"https:\/\/lateteronde.com\/index.php\/wp-json\/wp\/v2\/media\/588"}],"wp:attachment":[{"href":"https:\/\/lateteronde.com\/index.php\/wp-json\/wp\/v2\/media?parent=587"}],"wp:term":[{"taxonomy":"product_brand","embeddable":true,"href":"https:\/\/lateteronde.com\/index.php\/wp-json\/wp\/v2\/product_brand?post=587"},{"taxonomy":"product_cat","embeddable":true,"href":"https:\/\/lateteronde.com\/index.php\/wp-json\/wp\/v2\/product_cat?post=587"},{"taxonomy":"product_tag","embeddable":true,"href":"https:\/\/lateteronde.com\/index.php\/wp-json\/wp\/v2\/product_tag?post=587"}],"curies":[{"name":"wp","href":"https:\/\/api.w.org\/{rel}","templated":true}]}}