{"id":56,"date":"2020-10-01T19:30:19","date_gmt":"2020-10-01T17:30:19","guid":{"rendered":"https:\/\/lateteronde.com\/?page_id=56"},"modified":"2021-03-30T17:19:46","modified_gmt":"2021-03-30T15:19:46","slug":"boules-lyonnaise","status":"publish","type":"page","link":"https:\/\/lateteronde.com\/index.php\/boules-lyonnaise\/","title":{"rendered":"Boules Lyonnaise"},"content":{"rendered":"\r\n\r\n\r\n<div class=\"wp-block-jetpack-tiled-gallery aligncenter is-style-circle\">\r\n<div class=\"tiled-gallery__gallery\">\r\n<div class=\"tiled-gallery__row columns-3\">\r\n<div class=\"tiled-gallery__col\">\u00a0<\/div>\r\n<div class=\"tiled-gallery__col\">\r\n<figure class=\"tiled-gallery__item\"><img decoding=\"async\" srcset=\"https:\/\/i1.wp.com\/lateteronde.com\/wp-content\/uploads\/2020\/10\/image_ronde_lyonnaise1B.jpg?resize=450%2C450&#038;strip=info&#038;ssl=1 450w\" class=\"zoooom\" src=\"https:\/\/i1.wp.com\/lateteronde.com\/wp-content\/uploads\/2020\/10\/image_ronde_lyonnaise1B.jpg?ssl=1&amp;resize=450%2C450\" alt=\"\" data-height=\"450\" data-id=\"701\" data-link=\"https:\/\/lateteronde.com\/index.php\/boules-lyonnaise\/image_ronde_lyonnaise1b\/\" data-url=\"https:\/\/lateteronde.com\/wp-content\/uploads\/2020\/10\/image_ronde_lyonnaise1B.jpg\" data-width=\"450\" \/><\/figure>\r\n<\/div>\r\n<div class=\"tiled-gallery__col\">\u00a0<\/div>\r\n<\/div>\r\n<\/div>\r\n<\/div>\r\n\r\n\r\n\r\n<p>Le <strong>sport-boules<\/strong> (aussi connu comme <strong>boule lyonnaise<\/strong>, <strong>jeu de boules<\/strong>, <strong>jeu national<\/strong>, <strong>la lyonnaise<\/strong>, <strong>jeu lyonnais<\/strong> ou <strong>la longue<\/strong> par confusion avec le jeu proven\u00e7al de la p\u00e9tanque) est une discipline qui peut aujourd\u2019hui \u00eatre pratiqu\u00e9e en individuel, en doublette, en triplette ou en quadrette, et dont l\u2019objectif est de placer le maximum de boules m\u00e9talliques le plus pr\u00e8s possible d&rsquo;une petite sph\u00e8re de bois servant de but (aussi connu sous le nom de cochonnet, biberon, bouchon, petit\u2026).\u00a0<\/p>\r\n\r\n\r\n\r\n<p>Il voit le jour au XVIII<sup>e<\/sup> si\u00e8cle dans la r\u00e9gion de Lyon sous les noms de \u00ab\u00a0jeu de boules\u00a0\u00bb ou \u00ab\u00a0jeu national\u00a0\u00bb (d\u2019o\u00f9 son surnom de boule lyonnaise). En 1850 le jeu est \u00e9rig\u00e9 au rang de sport, gr\u00e2ce \u00e0 la cr\u00e9ation de la premi\u00e8re soci\u00e9t\u00e9 officielle, le Clos Jouve, toujours dans la r\u00e9gion de Lyon. Le premier concours r\u00e9glement\u00e9 est organis\u00e9 \u00e0 Lyon les 3, 4 et 5 juin 1894 sur 63 jeux avec la participation de 1 200 joueurs. En 1981, la boule lyonnaise est officiellement renomm\u00e9e sport-boules. Depuis 1997, le sport-boules est au programme des jeux m\u00e9diterran\u00e9ens et des jeux mondiaux.<\/p>\r\n\r\n\r\n\r\n<h2 class=\"has-text-align-center wp-block-heading\"><a href=\"https:\/\/lateteronde.com\/index.php\/categorie-produit\/boules-lyonnaise\/\">Acheter<\/a><\/h2>\r\n","protected":false},"excerpt":{"rendered":"<p>Le sport-boules (aussi connu comme boule lyonnaise, jeu de boules, jeu national, la lyonnaise, jeu lyonnais ou la longue par confusion avec le jeu proven\u00e7al de la p\u00e9tanque) est une discipline qui peut aujourd\u2019hui \u00eatre pratiqu\u00e9e en individuel, en doublette, en triplette ou en quadrette, et dont l\u2019objectif est de placer le maximum de boules [&hellip;]<\/p>\n","protected":false},"author":1,"featured_media":0,"parent":0,"menu_order":0,"comment_status":"closed","ping_status":"closed","template":"","meta":{"footnotes":""},"class_list":["post-56","page","type-page","status-publish","hentry"],"yoast_head":"<!-- This site is optimized with the Yoast SEO plugin v27.2 - https:\/\/yoast.com\/product\/yoast-seo-wordpress\/ -->\n<title>boules lyonnaise,sport-boules,jeu national,la lyonnaise,jeu lyonnais,longue<\/title>\n<meta name=\"description\" content=\"Le sport-boules est aussi connu comme, boule lyonnaise, jeu de boules, jeu national, la lyonnaise, jeu lyonnais ou la longue; n\u00e9 \u00e0 Lyon au XVIIIe si\u00e8cle.\" \/>\n<meta name=\"robots\" content=\"index, follow, max-snippet:-1, max-image-preview:large, max-video-preview:-1\" \/>\n<link rel=\"canonical\" href=\"https:\/\/lateteronde.com\/index.php\/boules-lyonnaise\/\" \/>\n<meta property=\"og:locale\" content=\"fr_FR\" \/>\n<meta property=\"og:type\" content=\"article\" \/>\n<meta property=\"og:title\" content=\"boules lyonnaise,sport-boules,jeu national,la lyonnaise,jeu lyonnais,longue\" \/>\n<meta property=\"og:description\" content=\"Le sport-boules est aussi connu comme, boule lyonnaise, jeu de boules, jeu national, la lyonnaise, jeu lyonnais ou la longue; n\u00e9 \u00e0 Lyon au XVIIIe si\u00e8cle.\" \/>\n<meta property=\"og:url\" content=\"https:\/\/lateteronde.com\/index.php\/boules-lyonnaise\/\" \/>\n<meta property=\"article:modified_time\" content=\"2021-03-30T15:19:46+00:00\" \/>\n<meta property=\"og:image\" content=\"https:\/\/i1.wp.com\/lateteronde.com\/wp-content\/uploads\/2020\/10\/image_ronde_lyonnaise1B.jpg?ssl=1&amp;resize=450%2C450\" \/>\n<meta name=\"twitter:card\" content=\"summary_large_image\" \/>\n<meta name=\"twitter:label1\" content=\"Dur\u00e9e de lecture estim\u00e9e\" \/>\n\t<meta name=\"twitter:data1\" content=\"2 minutes\" \/>\n<script type=\"application\/ld+json\" class=\"yoast-schema-graph\">{\"@context\":\"https:\/\/schema.org\",\"@graph\":[{\"@type\":\"WebPage\",\"@id\":\"https:\/\/lateteronde.com\/index.php\/boules-lyonnaise\/\",\"url\":\"https:\/\/lateteronde.com\/index.php\/boules-lyonnaise\/\",\"name\":\"boules lyonnaise,sport-boules,jeu national,la lyonnaise,jeu lyonnais,longue\",\"isPartOf\":{\"@id\":\"https:\/\/lateteronde.com\/#website\"},\"primaryImageOfPage\":{\"@id\":\"https:\/\/lateteronde.com\/index.php\/boules-lyonnaise\/#primaryimage\"},\"image\":{\"@id\":\"https:\/\/lateteronde.com\/index.php\/boules-lyonnaise\/#primaryimage\"},\"thumbnailUrl\":\"https:\/\/i1.wp.com\/lateteronde.com\/wp-content\/uploads\/2020\/10\/image_ronde_lyonnaise1B.jpg?ssl=1&amp;resize=450%2C450\",\"datePublished\":\"2020-10-01T17:30:19+00:00\",\"dateModified\":\"2021-03-30T15:19:46+00:00\",\"description\":\"Le sport-boules est aussi connu comme, boule lyonnaise, jeu de boules, jeu national, la lyonnaise, jeu lyonnais ou la longue; n\u00e9 \u00e0 Lyon au XVIIIe si\u00e8cle.\",\"breadcrumb\":{\"@id\":\"https:\/\/lateteronde.com\/index.php\/boules-lyonnaise\/#breadcrumb\"},\"inLanguage\":\"fr-FR\",\"potentialAction\":[{\"@type\":\"ReadAction\",\"target\":[\"https:\/\/lateteronde.com\/index.php\/boules-lyonnaise\/\"]}]},{\"@type\":\"ImageObject\",\"inLanguage\":\"fr-FR\",\"@id\":\"https:\/\/lateteronde.com\/index.php\/boules-lyonnaise\/#primaryimage\",\"url\":\"https:\/\/i1.wp.com\/lateteronde.com\/wp-content\/uploads\/2020\/10\/image_ronde_lyonnaise1B.jpg?ssl=1&amp;resize=450%2C450\",\"contentUrl\":\"https:\/\/i1.wp.com\/lateteronde.com\/wp-content\/uploads\/2020\/10\/image_ronde_lyonnaise1B.jpg?ssl=1&amp;resize=450%2C450\"},{\"@type\":\"BreadcrumbList\",\"@id\":\"https:\/\/lateteronde.com\/index.php\/boules-lyonnaise\/#breadcrumb\",\"itemListElement\":[{\"@type\":\"ListItem\",\"position\":1,\"name\":\"Accueil\",\"item\":\"https:\/\/lateteronde.com\/\"},{\"@type\":\"ListItem\",\"position\":2,\"name\":\"Boules Lyonnaise\"}]},{\"@type\":\"WebSite\",\"@id\":\"https:\/\/lateteronde.com\/#website\",\"url\":\"https:\/\/lateteronde.com\/\",\"name\":\"\",\"description\":\"\",\"potentialAction\":[{\"@type\":\"SearchAction\",\"target\":{\"@type\":\"EntryPoint\",\"urlTemplate\":\"https:\/\/lateteronde.com\/?s={search_term_string}\"},\"query-input\":{\"@type\":\"PropertyValueSpecification\",\"valueRequired\":true,\"valueName\":\"search_term_string\"}}],\"inLanguage\":\"fr-FR\"}]}<\/script>\n<!-- \/ Yoast SEO plugin. -->","yoast_head_json":{"title":"boules lyonnaise,sport-boules,jeu national,la lyonnaise,jeu lyonnais,longue","description":"Le sport-boules est aussi connu comme, boule lyonnaise, jeu de boules, jeu national, la lyonnaise, jeu lyonnais ou la longue; n\u00e9 \u00e0 Lyon au XVIIIe si\u00e8cle.","robots":{"index":"index","follow":"follow","max-snippet":"max-snippet:-1","max-image-preview":"max-image-preview:large","max-video-preview":"max-video-preview:-1"},"canonical":"https:\/\/lateteronde.com\/index.php\/boules-lyonnaise\/","og_locale":"fr_FR","og_type":"article","og_title":"boules lyonnaise,sport-boules,jeu national,la lyonnaise,jeu lyonnais,longue","og_description":"Le sport-boules est aussi connu comme, boule lyonnaise, jeu de boules, jeu national, la lyonnaise, jeu lyonnais ou la longue; n\u00e9 \u00e0 Lyon au XVIIIe si\u00e8cle.","og_url":"https:\/\/lateteronde.com\/index.php\/boules-lyonnaise\/","article_modified_time":"2021-03-30T15:19:46+00:00","og_image":[{"url":"https:\/\/i1.wp.com\/lateteronde.com\/wp-content\/uploads\/2020\/10\/image_ronde_lyonnaise1B.jpg?ssl=1&amp;resize=450%2C450","type":"","width":"","height":""}],"twitter_card":"summary_large_image","twitter_misc":{"Dur\u00e9e de lecture estim\u00e9e":"2 minutes"},"schema":{"@context":"https:\/\/schema.org","@graph":[{"@type":"WebPage","@id":"https:\/\/lateteronde.com\/index.php\/boules-lyonnaise\/","url":"https:\/\/lateteronde.com\/index.php\/boules-lyonnaise\/","name":"boules lyonnaise,sport-boules,jeu national,la lyonnaise,jeu lyonnais,longue","isPartOf":{"@id":"https:\/\/lateteronde.com\/#website"},"primaryImageOfPage":{"@id":"https:\/\/lateteronde.com\/index.php\/boules-lyonnaise\/#primaryimage"},"image":{"@id":"https:\/\/lateteronde.com\/index.php\/boules-lyonnaise\/#primaryimage"},"thumbnailUrl":"https:\/\/i1.wp.com\/lateteronde.com\/wp-content\/uploads\/2020\/10\/image_ronde_lyonnaise1B.jpg?ssl=1&amp;resize=450%2C450","datePublished":"2020-10-01T17:30:19+00:00","dateModified":"2021-03-30T15:19:46+00:00","description":"Le sport-boules est aussi connu comme, boule lyonnaise, jeu de boules, jeu national, la lyonnaise, jeu lyonnais ou la longue; n\u00e9 \u00e0 Lyon au XVIIIe si\u00e8cle.","breadcrumb":{"@id":"https:\/\/lateteronde.com\/index.php\/boules-lyonnaise\/#breadcrumb"},"inLanguage":"fr-FR","potentialAction":[{"@type":"ReadAction","target":["https:\/\/lateteronde.com\/index.php\/boules-lyonnaise\/"]}]},{"@type":"ImageObject","inLanguage":"fr-FR","@id":"https:\/\/lateteronde.com\/index.php\/boules-lyonnaise\/#primaryimage","url":"https:\/\/i1.wp.com\/lateteronde.com\/wp-content\/uploads\/2020\/10\/image_ronde_lyonnaise1B.jpg?ssl=1&amp;resize=450%2C450","contentUrl":"https:\/\/i1.wp.com\/lateteronde.com\/wp-content\/uploads\/2020\/10\/image_ronde_lyonnaise1B.jpg?ssl=1&amp;resize=450%2C450"},{"@type":"BreadcrumbList","@id":"https:\/\/lateteronde.com\/index.php\/boules-lyonnaise\/#breadcrumb","itemListElement":[{"@type":"ListItem","position":1,"name":"Accueil","item":"https:\/\/lateteronde.com\/"},{"@type":"ListItem","position":2,"name":"Boules Lyonnaise"}]},{"@type":"WebSite","@id":"https:\/\/lateteronde.com\/#website","url":"https:\/\/lateteronde.com\/","name":"","description":"","potentialAction":[{"@type":"SearchAction","target":{"@type":"EntryPoint","urlTemplate":"https:\/\/lateteronde.com\/?s={search_term_string}"},"query-input":{"@type":"PropertyValueSpecification","valueRequired":true,"valueName":"search_term_string"}}],"inLanguage":"fr-FR"}]}},"jetpack_sharing_enabled":true,"_links":{"self":[{"href":"https:\/\/lateteronde.com\/index.php\/wp-json\/wp\/v2\/pages\/56","targetHints":{"allow":["GET"]}}],"collection":[{"href":"https:\/\/lateteronde.com\/index.php\/wp-json\/wp\/v2\/pages"}],"about":[{"href":"https:\/\/lateteronde.com\/index.php\/wp-json\/wp\/v2\/types\/page"}],"author":[{"embeddable":true,"href":"https:\/\/lateteronde.com\/index.php\/wp-json\/wp\/v2\/users\/1"}],"replies":[{"embeddable":true,"href":"https:\/\/lateteronde.com\/index.php\/wp-json\/wp\/v2\/comments?post=56"}],"version-history":[{"count":0,"href":"https:\/\/lateteronde.com\/index.php\/wp-json\/wp\/v2\/pages\/56\/revisions"}],"wp:attachment":[{"href":"https:\/\/lateteronde.com\/index.php\/wp-json\/wp\/v2\/media?parent=56"}],"curies":[{"name":"wp","href":"https:\/\/api.w.org\/{rel}","templated":true}]}}