{"id":2,"date":"2020-09-29T17:11:18","date_gmt":"2020-09-29T15:11:18","guid":{"rendered":"http:\/\/lateteronde.com\/?page_id=2"},"modified":"2020-11-29T18:01:32","modified_gmt":"2020-11-29T17:01:32","slug":"guide-d-achat","status":"publish","type":"page","link":"https:\/\/lateteronde.com\/index.php\/guide-d-achat\/","title":{"rendered":"Guide d&rsquo;achat"},"content":{"rendered":"\r\n\r\n\r\n<h2 class=\"wp-block-heading\">Guide d&rsquo;achat Boules Lyonnaise<\/h2>\r\n\r\n\r\n\r\n<p>La boule lyonnaise est tout un art et ses caract\u00e9ristiques sont d\u00e9terminantes pour que le joueur puisse \u00e9voluer sur les jeux dans les meilleures conditions.\u00a0<\/p>\r\n\r\n\r\n\r\n<p>Le joueur choisira ses boules en fonction de son poste, de la taille de sa main et de sa technique. C\u2019est en premier le poste du joueur sur le jeu (tireur ou pointeur) qui d\u00e9termine le choix du remplissage de la boule (m\u00e9tallique, avec \u00e9lastiques ou vide).\u00a0<\/p>\r\n\r\n\r\n\r\n<p>Le diam\u00e8tre, le poids et le striage sont les trois sp\u00e9cificit\u00e9s qui compl\u00e8tent le choix de l\u2019outil.\u00a0<\/p>\r\n\r\n\r\n\r\n<p>Les recommandations qui suivent ne repr\u00e9sentent pas une \u00ab\u00a0r\u00e8gle d&rsquo;or\u00a0\u00bb \u00e0 suivre \u00e0 la lettre, mais sont des pr\u00e9conisations assez fiables qui permettent d\u2019op\u00e9rer un choix \u00ab\u00a0inform\u00e9\u00a0\u00bb.<\/p>\r\n\r\n\r\n\r\n<p><em>1) Le diam\u00e8tre<\/em><\/p>\r\n\r\n\r\n\r\n<p>Le premier \u00e9l\u00e9ment \u00e0 d\u00e9terminer est le diam\u00e8tre.\u00a0<\/p>\r\n\r\n\r\n\r\n<p>Une boule de lyonnaise mesure entre 80 et 102 mm de diam\u00e8tre\u00a0: une femme adulte choisira un diam\u00e8tre minimale de 88 mm tandis qu\u2019un homme adulte s\u2019orientera sur un diam\u00e8tre minimal de 90 mm. Les petites mains pr\u00e9f\u00e9reront des diam\u00e8tres entre 80 et 88 mm.\u00a0<\/p>\r\n\r\n\r\n\r\n<p>Un indicateur qui permet de conna\u00eetre sa taille de boule id\u00e9ale consiste \u00e0 la tenir entre les deux mains, les paumes jointes, en pr\u00eatant attention \u00e0 ce que les deux majeurs ne se chevauchent pas mais accusent un espace d\u20191 cm au maximum\u00a0:<\/p>\r\n\r\n\r\n\r\n<figure class=\"wp-block-image size-large is-resized\"><img loading=\"lazy\" decoding=\"async\" class=\"wp-image-724\" src=\"https:\/\/lateteronde.com\/wp-content\/uploads\/2020\/10\/Choix-boule-lyonnaise-1-1024x1024.jpg\" alt=\"\" width=\"225\" height=\"225\" srcset=\"https:\/\/lateteronde.com\/wp-content\/uploads\/2020\/10\/Choix-boule-lyonnaise-1-1024x1024.jpg 1024w, https:\/\/lateteronde.com\/wp-content\/uploads\/2020\/10\/Choix-boule-lyonnaise-1-300x300.jpg 300w, https:\/\/lateteronde.com\/wp-content\/uploads\/2020\/10\/Choix-boule-lyonnaise-1-150x150.jpg 150w, https:\/\/lateteronde.com\/wp-content\/uploads\/2020\/10\/Choix-boule-lyonnaise-1-768x768.jpg 768w, https:\/\/lateteronde.com\/wp-content\/uploads\/2020\/10\/Choix-boule-lyonnaise-1-1536x1536.jpg 1536w, https:\/\/lateteronde.com\/wp-content\/uploads\/2020\/10\/Choix-boule-lyonnaise-1-2048x2048.jpg 2048w, https:\/\/lateteronde.com\/wp-content\/uploads\/2020\/10\/Choix-boule-lyonnaise-1-324x324.jpg 324w, https:\/\/lateteronde.com\/wp-content\/uploads\/2020\/10\/Choix-boule-lyonnaise-1-416x416.jpg 416w, https:\/\/lateteronde.com\/wp-content\/uploads\/2020\/10\/Choix-boule-lyonnaise-1-100x100.jpg 100w\" sizes=\"auto, (max-width: 225px) 100vw, 225px\" \/><\/figure>\r\n\r\n\r\n\r\n<p>Ainsi, pour mieux d\u00e9terminer le choix du diam\u00e8tre, la recommandation est de faire rouler des boules de diam\u00e8tres diff\u00e9rents dans la main les yeux ferm\u00e9s afin de sentir ce qui s\u2019adapte mieux.<\/p>\r\n\r\n\r\n\r\n<p>Finesse : si la boule vous \u00e9chappe au tir son diam\u00e8tre est trop important, si elle s\u2019accroche au point ou au tir, elle est trop petite.<\/p>\r\n\r\n\r\n\r\n<p><em>2) Le poids<\/em><\/p>\r\n\r\n\r\n\r\n<p>Le poids standard d\u2019une boule pour un adulte est compris entre 900 et 1 200 gr, il est forc\u00e9ment li\u00e9 au diam\u00e8tre, et la force, le gabarit et l\u2019\u00e2ge du jouer sont des crit\u00e8res qui affectent son choix. Une boule enfant p\u00e8sera plut\u00f4t 700 gr minimum.\u00a0 Un tireur lance sa boule \u00e0 plus de 12 m, il convient donc de chercher un \u00e9quilibre sur le rapport poids-puissance.<\/p>\r\n\r\n\r\n\r\n<p>Les fabricants recommandent un rapport diam\u00e8tre \/ poids standard de 96 mm \/ 1 010 gr. <br \/>En modifiant le diam\u00e8tre d\u20191 mm, il est pr\u00e9conis\u00e9 d\u2019ajuster le poids de 10 gr dans le m\u00eame sens\u00a0: par ex. diam\u00e8tre 95 mm \/ poids 1 000 gr ou encore diam\u00e8tre 97 mm \/ poids 1 020 gr.<\/p>\r\n\r\n\r\n\r\n<p>Toutefois, rester dans une plage de 20 grammes en dessus ou en dessous de la pr\u00e9conisation initiale n\u2019est pas anodyne\u00a0: par ex. diam\u00e8tre 96 mm \/ poids 990 ou 1 030 gr.<\/p>\r\n\r\n\r\n\r\n<p><em>3) Le striage<\/em><\/p>\r\n\r\n\r\n\r\n<p>Pour cette derni\u00e8re sp\u00e9cificit\u00e9 le mot d\u2019ordre est libert\u00e9 de choix\u00a0! Chaque joueur devrait opter pour un striage qui lui pla\u00eet et lui convient.\u00a0<\/p>\r\n\r\n\r\n\r\n<p>La seule indication qui peut \u00eatre retenue est qu\u2019une boule plut\u00f4t stri\u00e9e favorise la tenue en main et s\u2019\u00e9chappe moins facilement. Tester des boules avec des striages diff\u00e9rents sur un jeu permet aussi de trouver ce avec lequel on a des meilleures sensations.<\/p>\r\n\r\n\r\n\r\n<p>Les caract\u00e9ristiques des boules propos\u00e9es sur ce site sont rigoureusement conformes au r\u00e8glement technique de la FIB et homologu\u00e9es.\u00a0<\/p>\r\n\r\n\r\n\r\n<p>L&rsquo;\u00e9quilibrage des boules est parfait. La dur\u00e9e de vie des remplissages m\u00e9talliques utilis\u00e9s est allong\u00e9e consid\u00e9rablement par rapport \u00e0 un remplissage avec \u00e9lastiques.\u00a0<\/p>\r\n\r\n\r\n\r\n<p>Davantage de questions ou des doutes\u00a0? N\u2019h\u00e9sitez pas \u00e0 les partager \u00e0 l\u2019adresse <a href=\"mailto:contact@lateteronde.com\">contact@lateteronde.com<\/a><\/p>\r\n\r\n\r\n\r\n<h2 class=\"wp-block-heading\">Guide d&rsquo;achat boules de p\u00e9tanque en bronze<\/h2>\r\n\r\n\r\n\r\n<p>Les boules en bronze sont produites d\u2019une seule pi\u00e8ce, tandis que les boules en inox et carbone sont r\u00e9alis\u00e9es par la soudure de deux coques\u00a0: cette caract\u00e9ristique de fabrication leur conf\u00e8re une certaine fragilit\u00e9 au niveau du point de jonction. Pas de risque en revanche pour les boules en bronze, qui ont donc une dur\u00e9e de vie plus longue.<\/p>\r\n\r\n\r\n\r\n<p>Le bronze est un alliage qui n\u2019est pas touch\u00e9 par la rouille, et un entretien l\u00e9ger suffit aux boules r\u00e9alis\u00e9es avec ce mat\u00e9riau. A noter, le bronze n\u2019est pas magn\u00e9tique, il n\u2019est donc<span style=\"text-decoration: underline;\"> pas possible d&rsquo;utiliser un l\u00e8ve-boules avec des aimants.<\/span><\/p>\r\n\r\n\r\n\r\n<p>Un premier indicateur empirique qui permet d\u2019estimer sa taille de boule id\u00e9ale consiste \u00e0 la tenir par le haut avec la main utilis\u00e9e pour jouer, le pouce \u00e0 c\u00f4t\u00e9 de l\u2019index, en regardent \u00e0 que celle-ci la couvre un peu plus de la moiti\u00e9 :<\/p>\r\n<p><img loading=\"lazy\" decoding=\"async\" class=\"wp-image-764 alignleft\" src=\"https:\/\/lateteronde.com\/wp-content\/uploads\/2020\/10\/Choix-boule-petanque-2-scaled-e1603365075436-300x300.jpg\" alt=\"\" width=\"210\" height=\"210\" srcset=\"https:\/\/lateteronde.com\/wp-content\/uploads\/2020\/10\/Choix-boule-petanque-2-scaled-e1603365075436-300x300.jpg 300w, https:\/\/lateteronde.com\/wp-content\/uploads\/2020\/10\/Choix-boule-petanque-2-scaled-e1603365075436-1024x1024.jpg 1024w, https:\/\/lateteronde.com\/wp-content\/uploads\/2020\/10\/Choix-boule-petanque-2-scaled-e1603365075436-150x150.jpg 150w, https:\/\/lateteronde.com\/wp-content\/uploads\/2020\/10\/Choix-boule-petanque-2-scaled-e1603365075436-768x768.jpg 768w, https:\/\/lateteronde.com\/wp-content\/uploads\/2020\/10\/Choix-boule-petanque-2-scaled-e1603365075436-1536x1536.jpg 1536w, https:\/\/lateteronde.com\/wp-content\/uploads\/2020\/10\/Choix-boule-petanque-2-scaled-e1603365075436-2048x2048.jpg 2048w, https:\/\/lateteronde.com\/wp-content\/uploads\/2020\/10\/Choix-boule-petanque-2-scaled-e1603365075436-324x324.jpg 324w, https:\/\/lateteronde.com\/wp-content\/uploads\/2020\/10\/Choix-boule-petanque-2-scaled-e1603365075436-416x416.jpg 416w, https:\/\/lateteronde.com\/wp-content\/uploads\/2020\/10\/Choix-boule-petanque-2-scaled-e1603365075436-100x100.jpg 100w\" sizes=\"auto, (max-width: 210px) 100vw, 210px\" \/><img loading=\"lazy\" decoding=\"async\" class=\"wp-image-726 alignleft\" src=\"https:\/\/lateteronde.com\/wp-content\/uploads\/2020\/10\/Choix-boule-petanque-1-scaled-e1603364657428-300x300.jpg\" alt=\"\" width=\"212\" height=\"212\" srcset=\"https:\/\/lateteronde.com\/wp-content\/uploads\/2020\/10\/Choix-boule-petanque-1-scaled-e1603364657428-300x300.jpg 300w, https:\/\/lateteronde.com\/wp-content\/uploads\/2020\/10\/Choix-boule-petanque-1-scaled-e1603364657428-1024x1024.jpg 1024w, https:\/\/lateteronde.com\/wp-content\/uploads\/2020\/10\/Choix-boule-petanque-1-scaled-e1603364657428-150x150.jpg 150w, https:\/\/lateteronde.com\/wp-content\/uploads\/2020\/10\/Choix-boule-petanque-1-scaled-e1603364657428-768x768.jpg 768w, https:\/\/lateteronde.com\/wp-content\/uploads\/2020\/10\/Choix-boule-petanque-1-scaled-e1603364657428-1536x1536.jpg 1536w, https:\/\/lateteronde.com\/wp-content\/uploads\/2020\/10\/Choix-boule-petanque-1-scaled-e1603364657428-2048x2048.jpg 2048w, https:\/\/lateteronde.com\/wp-content\/uploads\/2020\/10\/Choix-boule-petanque-1-scaled-e1603364657428-324x324.jpg 324w, https:\/\/lateteronde.com\/wp-content\/uploads\/2020\/10\/Choix-boule-petanque-1-scaled-e1603364657428-416x416.jpg 416w, https:\/\/lateteronde.com\/wp-content\/uploads\/2020\/10\/Choix-boule-petanque-1-scaled-e1603364657428-100x100.jpg 100w\" sizes=\"auto, (max-width: 212px) 100vw, 212px\" \/><\/p>\r\n<p>\r\n\r\n\r\n\r\n<\/p>\r\n<p>&nbsp;<\/p>\r\n<p>&nbsp;<\/p>\r\n<p>&nbsp;<\/p>\r\n<p>&nbsp;<\/p>\r\n<p>&nbsp;<\/p>\r\n<p>Ainsi, pour mieux d\u00e9terminer le choix du diam\u00e8tre il est conseill\u00e9 d\u2019essayer le diam\u00e8tre inf\u00e9rieur et le diam\u00e8tre sup\u00e9rieur. En cas de doute, le choix devrait s\u2019orienter sur le diam\u00e8tre sup\u00e9rieur.<\/p>\r\n<p>\r\n\r\n<\/p>\r\n<p>Le r\u00f4le du joueur et le striage sont les 2 caract\u00e9ristiques qui compl\u00e8tent le choix de l\u2019outil.\u00a0<\/p>\r\n<p>\r\n\r\n<\/p>\r\n<p>Les recommandations qui suivent ne constituent pas une \u00ab\u00a0r\u00e8gles d&rsquo;or\u00a0\u00bb \u00e0 suivre \u00e0 la lettre, mais sont des pr\u00e9conisations assez fiables qui permettent d\u2019op\u00e9rer un choix \u00ab\u00a0inform\u00e9\u00a0\u00bb.<\/p>\r\n<p>\r\n\r\n<\/p>\r\n<p><em>1) Le poste du joueur<\/em><\/p>\r\n<p>\r\n\r\n<\/p>\r\n<p>Il est pr\u00e9conis\u00e9 d\u2019adapter le choix de ses boules en fonction de son poste.<\/p>\r\n<p>\r\n\r\n<\/p>\r\n<p>Plut\u00f4t un pointeur\u00a0? Les boules de pointeur doivent \u00eatre relativement petites par rapport \u00e0 la taille de la main du joueur, car elles seront plus difficiles \u00e0 toucher pour un tireur. En cons\u00e9quence, il est conseill\u00e9 de choisir une boule avec un diam\u00e8tre compris entre 72 et 74 mm. Cependant, le joueur qui pourrait tirer occasionnellement en doublette devrait pr\u00e9voir des boules de diam\u00e8tre compris en 72 et 75 mm.<\/p>\r\n<p>\r\n\r\n<\/p>\r\n<p>Plut\u00f4t un tireur\u00a0? Les boules de tireur ont g\u00e9n\u00e9ralement un diam\u00e8tre plus important, car cela permet d\u2019optimiser les chances de toucher la boule de l\u2019adversaire au tir. Un tireur peut choisir un diam\u00e8tre qui arrive jusqu\u2019\u00e0 76 mm.<\/p>\r\n<p>\r\n\r\n<\/p>\r\n<p>Dans tout les cas, il est important de conserver un \u00e9quilibre entre la taille de la main et le poids.\u00a0<\/p>\r\n<p>\r\n\r\n<\/p>\r\n<p><em>2) Le striage<\/em><\/p>\r\n<p>\r\n\r\n<\/p>\r\n<p>Pour cette sp\u00e9cificit\u00e9 le mot d\u2019ordre est libert\u00e9 de choix\u00a0! Chaque joueur devrait opter pour un striage qui lui pla\u00eet et lui convient.\u00a0<\/p>\r\n<p>\r\n\r\n<\/p>\r\n<p>Tester des boules avec ou sans striages diff\u00e9rents sur un jeu permet de trouver celles avec lesquelles on a de meilleures sensations. Pour des parties \u00e0 6, avoir des striages diff\u00e9rents permet aussi de mieux reconna\u00eetre sa boule.<\/p>\r\n<p>\r\n\r\n<\/p>\r\n<p>Davantage de questions ou des doutes\u00a0? N\u2019h\u00e9sitez pas \u00e0 les partager \u00e0 l\u2019adresse <a href=\"mailto:contact@lateteronde.com\">contact@lateteronde.com<\/a><\/p>\r\n<p><\/p>","protected":false},"excerpt":{"rendered":"<p>Guide d&rsquo;achat Boules Lyonnaise La boule lyonnaise est tout un art et ses caract\u00e9ristiques sont d\u00e9terminantes pour que le joueur puisse \u00e9voluer sur les jeux dans les meilleures conditions.\u00a0 Le joueur choisira ses boules en fonction de son poste, de la taille de sa main et de sa technique. C\u2019est en premier le poste du [&hellip;]<\/p>\n","protected":false},"author":1,"featured_media":0,"parent":0,"menu_order":0,"comment_status":"closed","ping_status":"open","template":"","meta":{"footnotes":""},"class_list":["post-2","page","type-page","status-publish","hentry"],"yoast_head":"<!-- This site is optimized with the Yoast SEO plugin v27.2 - https:\/\/yoast.com\/product\/yoast-seo-wordpress\/ -->\n<title>Guide d&#039;achat -<\/title>\n<meta name=\"robots\" content=\"index, follow, max-snippet:-1, max-image-preview:large, max-video-preview:-1\" \/>\n<link rel=\"canonical\" href=\"https:\/\/lateteronde.com\/index.php\/guide-d-achat\/\" \/>\n<meta property=\"og:locale\" content=\"fr_FR\" \/>\n<meta property=\"og:type\" content=\"article\" \/>\n<meta property=\"og:title\" content=\"Guide d&#039;achat -\" \/>\n<meta property=\"og:description\" content=\"Guide d&rsquo;achat Boules Lyonnaise La boule lyonnaise est tout un art et ses caract\u00e9ristiques sont d\u00e9terminantes pour que le joueur puisse \u00e9voluer sur les jeux dans les meilleures conditions.\u00a0 Le joueur choisira ses boules en fonction de son poste, de la taille de sa main et de sa technique. C\u2019est en premier le poste du [&hellip;]\" \/>\n<meta property=\"og:url\" content=\"https:\/\/lateteronde.com\/index.php\/guide-d-achat\/\" \/>\n<meta property=\"article:modified_time\" content=\"2020-11-29T17:01:32+00:00\" \/>\n<meta property=\"og:image\" content=\"https:\/\/lateteronde.com\/wp-content\/uploads\/2020\/10\/Choix-boule-lyonnaise-1-1024x1024.jpg\" \/>\n<meta name=\"twitter:card\" content=\"summary_large_image\" \/>\n<meta name=\"twitter:label1\" content=\"Dur\u00e9e de lecture estim\u00e9e\" \/>\n\t<meta name=\"twitter:data1\" content=\"5 minutes\" \/>\n<script type=\"application\/ld+json\" class=\"yoast-schema-graph\">{\"@context\":\"https:\/\/schema.org\",\"@graph\":[{\"@type\":\"WebPage\",\"@id\":\"https:\/\/lateteronde.com\/index.php\/guide-d-achat\/\",\"url\":\"https:\/\/lateteronde.com\/index.php\/guide-d-achat\/\",\"name\":\"Guide d'achat -\",\"isPartOf\":{\"@id\":\"https:\/\/lateteronde.com\/#website\"},\"primaryImageOfPage\":{\"@id\":\"https:\/\/lateteronde.com\/index.php\/guide-d-achat\/#primaryimage\"},\"image\":{\"@id\":\"https:\/\/lateteronde.com\/index.php\/guide-d-achat\/#primaryimage\"},\"thumbnailUrl\":\"https:\/\/lateteronde.com\/wp-content\/uploads\/2020\/10\/Choix-boule-lyonnaise-1-1024x1024.jpg\",\"datePublished\":\"2020-09-29T15:11:18+00:00\",\"dateModified\":\"2020-11-29T17:01:32+00:00\",\"breadcrumb\":{\"@id\":\"https:\/\/lateteronde.com\/index.php\/guide-d-achat\/#breadcrumb\"},\"inLanguage\":\"fr-FR\",\"potentialAction\":[{\"@type\":\"ReadAction\",\"target\":[\"https:\/\/lateteronde.com\/index.php\/guide-d-achat\/\"]}]},{\"@type\":\"ImageObject\",\"inLanguage\":\"fr-FR\",\"@id\":\"https:\/\/lateteronde.com\/index.php\/guide-d-achat\/#primaryimage\",\"url\":\"https:\/\/lateteronde.com\/wp-content\/uploads\/2020\/10\/Choix-boule-lyonnaise-1-scaled.jpg\",\"contentUrl\":\"https:\/\/lateteronde.com\/wp-content\/uploads\/2020\/10\/Choix-boule-lyonnaise-1-scaled.jpg\",\"width\":2560,\"height\":2560},{\"@type\":\"BreadcrumbList\",\"@id\":\"https:\/\/lateteronde.com\/index.php\/guide-d-achat\/#breadcrumb\",\"itemListElement\":[{\"@type\":\"ListItem\",\"position\":1,\"name\":\"Accueil\",\"item\":\"https:\/\/lateteronde.com\/\"},{\"@type\":\"ListItem\",\"position\":2,\"name\":\"Guide d&#8217;achat\"}]},{\"@type\":\"WebSite\",\"@id\":\"https:\/\/lateteronde.com\/#website\",\"url\":\"https:\/\/lateteronde.com\/\",\"name\":\"\",\"description\":\"\",\"potentialAction\":[{\"@type\":\"SearchAction\",\"target\":{\"@type\":\"EntryPoint\",\"urlTemplate\":\"https:\/\/lateteronde.com\/?s={search_term_string}\"},\"query-input\":{\"@type\":\"PropertyValueSpecification\",\"valueRequired\":true,\"valueName\":\"search_term_string\"}}],\"inLanguage\":\"fr-FR\"}]}<\/script>\n<!-- \/ Yoast SEO plugin. -->","yoast_head_json":{"title":"Guide d'achat -","robots":{"index":"index","follow":"follow","max-snippet":"max-snippet:-1","max-image-preview":"max-image-preview:large","max-video-preview":"max-video-preview:-1"},"canonical":"https:\/\/lateteronde.com\/index.php\/guide-d-achat\/","og_locale":"fr_FR","og_type":"article","og_title":"Guide d'achat -","og_description":"Guide d&rsquo;achat Boules Lyonnaise La boule lyonnaise est tout un art et ses caract\u00e9ristiques sont d\u00e9terminantes pour que le joueur puisse \u00e9voluer sur les jeux dans les meilleures conditions.\u00a0 Le joueur choisira ses boules en fonction de son poste, de la taille de sa main et de sa technique. C\u2019est en premier le poste du [&hellip;]","og_url":"https:\/\/lateteronde.com\/index.php\/guide-d-achat\/","article_modified_time":"2020-11-29T17:01:32+00:00","og_image":[{"url":"https:\/\/lateteronde.com\/wp-content\/uploads\/2020\/10\/Choix-boule-lyonnaise-1-1024x1024.jpg","type":"","width":"","height":""}],"twitter_card":"summary_large_image","twitter_misc":{"Dur\u00e9e de lecture estim\u00e9e":"5 minutes"},"schema":{"@context":"https:\/\/schema.org","@graph":[{"@type":"WebPage","@id":"https:\/\/lateteronde.com\/index.php\/guide-d-achat\/","url":"https:\/\/lateteronde.com\/index.php\/guide-d-achat\/","name":"Guide d'achat -","isPartOf":{"@id":"https:\/\/lateteronde.com\/#website"},"primaryImageOfPage":{"@id":"https:\/\/lateteronde.com\/index.php\/guide-d-achat\/#primaryimage"},"image":{"@id":"https:\/\/lateteronde.com\/index.php\/guide-d-achat\/#primaryimage"},"thumbnailUrl":"https:\/\/lateteronde.com\/wp-content\/uploads\/2020\/10\/Choix-boule-lyonnaise-1-1024x1024.jpg","datePublished":"2020-09-29T15:11:18+00:00","dateModified":"2020-11-29T17:01:32+00:00","breadcrumb":{"@id":"https:\/\/lateteronde.com\/index.php\/guide-d-achat\/#breadcrumb"},"inLanguage":"fr-FR","potentialAction":[{"@type":"ReadAction","target":["https:\/\/lateteronde.com\/index.php\/guide-d-achat\/"]}]},{"@type":"ImageObject","inLanguage":"fr-FR","@id":"https:\/\/lateteronde.com\/index.php\/guide-d-achat\/#primaryimage","url":"https:\/\/lateteronde.com\/wp-content\/uploads\/2020\/10\/Choix-boule-lyonnaise-1-scaled.jpg","contentUrl":"https:\/\/lateteronde.com\/wp-content\/uploads\/2020\/10\/Choix-boule-lyonnaise-1-scaled.jpg","width":2560,"height":2560},{"@type":"BreadcrumbList","@id":"https:\/\/lateteronde.com\/index.php\/guide-d-achat\/#breadcrumb","itemListElement":[{"@type":"ListItem","position":1,"name":"Accueil","item":"https:\/\/lateteronde.com\/"},{"@type":"ListItem","position":2,"name":"Guide d&#8217;achat"}]},{"@type":"WebSite","@id":"https:\/\/lateteronde.com\/#website","url":"https:\/\/lateteronde.com\/","name":"","description":"","potentialAction":[{"@type":"SearchAction","target":{"@type":"EntryPoint","urlTemplate":"https:\/\/lateteronde.com\/?s={search_term_string}"},"query-input":{"@type":"PropertyValueSpecification","valueRequired":true,"valueName":"search_term_string"}}],"inLanguage":"fr-FR"}]}},"jetpack_sharing_enabled":true,"_links":{"self":[{"href":"https:\/\/lateteronde.com\/index.php\/wp-json\/wp\/v2\/pages\/2","targetHints":{"allow":["GET"]}}],"collection":[{"href":"https:\/\/lateteronde.com\/index.php\/wp-json\/wp\/v2\/pages"}],"about":[{"href":"https:\/\/lateteronde.com\/index.php\/wp-json\/wp\/v2\/types\/page"}],"author":[{"embeddable":true,"href":"https:\/\/lateteronde.com\/index.php\/wp-json\/wp\/v2\/users\/1"}],"replies":[{"embeddable":true,"href":"https:\/\/lateteronde.com\/index.php\/wp-json\/wp\/v2\/comments?post=2"}],"version-history":[{"count":0,"href":"https:\/\/lateteronde.com\/index.php\/wp-json\/wp\/v2\/pages\/2\/revisions"}],"wp:attachment":[{"href":"https:\/\/lateteronde.com\/index.php\/wp-json\/wp\/v2\/media?parent=2"}],"curies":[{"name":"wp","href":"https:\/\/api.w.org\/{rel}","templated":true}]}}